{"id":702,"date":"2019-06-29T16:10:13","date_gmt":"2019-06-29T14:10:13","guid":{"rendered":"http:\/\/www.hohes-elbufer.de\/?page_id=702"},"modified":"2026-05-02T00:43:33","modified_gmt":"2026-05-01T22:43:33","slug":"das-totenhaus-von-gruenhof-tesperhude","status":"publish","type":"page","link":"https:\/\/www.hohes-elbufer.de\/?page_id=702","title":{"rendered":"Das Totenhaus von Gr\u00fcnhof-Tesperhude"},"content":{"rendered":"\n<figure class=\"wp-block-image alignwide size-full\"><a href=\"http:\/\/www.hohes-elbufer.de\/wp-content\/uploads\/2026\/04\/Kopfzeile-3.png\"><img loading=\"lazy\" decoding=\"async\" width=\"744\" height=\"32\" src=\"http:\/\/www.hohes-elbufer.de\/wp-content\/uploads\/2026\/04\/Kopfzeile-3.png\" alt=\"\" class=\"wp-image-1546\" srcset=\"https:\/\/www.hohes-elbufer.de\/wp-content\/uploads\/2026\/04\/Kopfzeile-3.png 744w, https:\/\/www.hohes-elbufer.de\/wp-content\/uploads\/2026\/04\/Kopfzeile-3-300x13.png 300w\" sizes=\"auto, (max-width: 744px) 100vw, 744px\" \/><\/a><\/figure>\n\n\n\n<div style=\"height:30px\" aria-hidden=\"true\" class=\"wp-block-spacer\"><\/div>\n\n\n<div class=\"wp-block-image\">\n<figure class=\"aligncenter size-full is-resized\"><img decoding=\"async\" width=\"509.88\" height=\"255.57733\" src=\"http:\/\/www.hohes-elbufer.de\/wp-content\/uploads\/2024\/12\/Tot.svg\" alt=\"\" class=\"wp-image-983\" style=\"width:840px;height:auto\"\/><figcaption class=\"wp-element-caption\">Hinweistafel an der Grabst\u00e4tte<\/figcaption><\/figure>\n<\/div>\n\n\n<div style=\"height:30px\" aria-hidden=\"true\" class=\"wp-block-spacer\"><\/div>\n\n\n\n<p class=\"has-medium-font-size\">1932 wurde in der N\u00e4he des Ortsteils Gr\u00fcnhof-Tesperhude bei der Abtragung eines Erdh\u00fcgels eine Anh\u00e4ufung von Steinen freigelegt, in denen Pfostenl\u00f6cher und zwei Mulden erkennbar waren. Bei n\u00e4heren Untersuchungen fanden sich Reste von Baums\u00e4rgen mit den Relikten einer jungen Frau und ihres kleinen Kindes. Diese und weitere Forschungsergebnisse weisen darauf hin, dass \u00fcber den Gr\u00e4bern ein Totenhaus aus Feldstein, Holz und lehmverputzten Flechtw\u00e4nden gestanden haben muss.<\/p>\n\n\n<div class=\"wp-block-image is-resized\">\n<figure class=\"aligncenter\"><img loading=\"lazy\" decoding=\"async\" width=\"1024\" height=\"501\" src=\"http:\/\/www.hohes-elbufer.de\/wp-content\/uploads\/2019\/06\/Fundament-1024x501.jpg\" alt=\"\" class=\"wp-image-705\" srcset=\"https:\/\/www.hohes-elbufer.de\/wp-content\/uploads\/2019\/06\/Fundament-1024x501.jpg 1024w, https:\/\/www.hohes-elbufer.de\/wp-content\/uploads\/2019\/06\/Fundament-300x147.jpg 300w, https:\/\/www.hohes-elbufer.de\/wp-content\/uploads\/2019\/06\/Fundament-768x376.jpg 768w, https:\/\/www.hohes-elbufer.de\/wp-content\/uploads\/2019\/06\/Fundament.jpg 1205w\" sizes=\"auto, (max-width: 1024px) 100vw, 1024px\" \/><figcaption class=\"wp-element-caption\">Vorne die Pfostenl\u00f6cher des Hauses, hinten die Mulde der Gr\u00e4ber von Mutter und Kind<\/figcaption><\/figure>\n<\/div>\n\n\n<div style=\"height:30px\" aria-hidden=\"true\" class=\"wp-block-spacer\"><\/div>\n\n\n\n<p class=\"has-medium-font-size\">Zu den Bestattungszeremonien der im Geesthachter Raum ans\u00e4ssigen Menschen, der Ilmenau-Kultur, geh\u00f6rte es, Verstorbenen ein Totenhaus zu errichten, dieses niederzubrennen und dann mit Erde abzudecken, so dass ein Erdh\u00fcgel entstand.<\/p>\n\n\n\n<p class=\"has-medium-font-size\">Totenh\u00e4user mit Brandbestattungen geh\u00f6ren in die \u00e4ltere und mittlere Bronzezeit, also in die Zeit um 1300 v. Chr. Soweit bekannt, wurden nur Frauen auf diese Weise beigesetzt.<\/p>\n\n\n\n<p class=\"has-medium-font-size\">Die Grabst\u00e4tte befindet sich in der N\u00e4he der B5 zwischen Geesthacht und Lauenburg. Von Geesthacht kommend geht es hinter dem Ortsteil Gr\u00fcnhof links in den Wald hinein. Wer mit dem Auto anf\u00e4hrt, sollte es rechts im Waldweg abstellen und die B5 zu Fu\u00df \u00fcberqueren. Der Weg ist ausgeschildert.\u00a0 Der Fu\u00dfmarsch dauert zwischen 5 und 10 Minuten.<\/p>\n\n\n<div class=\"wp-block-image\">\n<figure class=\"aligncenter size-large\"><a href=\"https:\/\/www.hohes-elbufer.de\/wp-content\/uploads\/2026\/05\/Huegelgraeber.png\"><img loading=\"lazy\" decoding=\"async\" width=\"1024\" height=\"772\" src=\"https:\/\/www.hohes-elbufer.de\/wp-content\/uploads\/2026\/05\/Huegelgraeber-1024x772.png\" alt=\"\" class=\"wp-image-1639\" srcset=\"https:\/\/www.hohes-elbufer.de\/wp-content\/uploads\/2026\/05\/Huegelgraeber-1024x772.png 1024w, https:\/\/www.hohes-elbufer.de\/wp-content\/uploads\/2026\/05\/Huegelgraeber-300x226.png 300w, https:\/\/www.hohes-elbufer.de\/wp-content\/uploads\/2026\/05\/Huegelgraeber-768x579.png 768w, https:\/\/www.hohes-elbufer.de\/wp-content\/uploads\/2026\/05\/Huegelgraeber.png 1026w\" sizes=\"auto, (max-width: 1024px) 100vw, 1024px\" \/><\/a><\/figure>\n<\/div>\n\n\n<div style=\"height:39px\" aria-hidden=\"true\" class=\"wp-block-spacer\"><\/div>\n\n\n\n<p class=\"has-medium-font-size\">Weitere bronzezeitliche Spuren finden sich im Wald s\u00fcdlich der B5 auf halbem Weg zwischen Gr\u00fcnhof und Schnakenbek. Von Gr\u00fcnhof aus gesehen f\u00fchrt der k\u00fcrzeste  Weg dahin vom 2. Parkplatz auf der rechten Seite.<\/p>\n\n\n\n<div style=\"height:30px\" aria-hidden=\"true\" class=\"wp-block-spacer\"><\/div>\n\n\n<div class=\"wp-block-image\">\n<figure class=\"aligncenter size-full is-resized\"><a href=\"https:\/\/www.hohes-elbufer.de\/wp-content\/uploads\/2026\/05\/Bronze-1.png\"><img loading=\"lazy\" decoding=\"async\" width=\"300\" height=\"400\" src=\"https:\/\/www.hohes-elbufer.de\/wp-content\/uploads\/2026\/05\/Bronze-1.png\" alt=\"\" class=\"wp-image-1637\" style=\"width:564px;height:auto\" srcset=\"https:\/\/www.hohes-elbufer.de\/wp-content\/uploads\/2026\/05\/Bronze-1.png 300w, https:\/\/www.hohes-elbufer.de\/wp-content\/uploads\/2026\/05\/Bronze-1-225x300.png 225w\" sizes=\"auto, (max-width: 300px) 100vw, 300px\" \/><\/a><\/figure>\n<\/div>\n\n\n<div style=\"height:30px\" aria-hidden=\"true\" class=\"wp-block-spacer\"><\/div>\n\n\n\n<p class=\"has-medium-font-size\">Auf der Hinweistafel ist zu lesen; &#8222;<\/p>\n\n\n\n<div style=\"height:30px\" aria-hidden=\"true\" class=\"wp-block-spacer\"><\/div>\n\n\n\n<p class=\"has-text-align-center has-medium-font-size\"><a href=\"https:\/\/www.hohes-elbufer.de\/?page_id=702\"><mark style=\"background-color:rgba(0, 0, 0, 0)\" class=\"has-inline-color has-vivid-cyan-blue-color\">Nach oben<\/mark><\/a><\/p>\n","protected":false},"excerpt":{"rendered":"<p>1932 wurde in der N\u00e4he des Ortsteils Gr\u00fcnhof-Tesperhude bei der Abtragung eines Erdh\u00fcgels eine Anh\u00e4ufung von Steinen freigelegt, in denen Pfostenl\u00f6cher und zwei Mulden erkennbar&hellip;<\/p>\n","protected":false},"author":1,"featured_media":0,"parent":0,"menu_order":0,"comment_status":"closed","ping_status":"closed","template":"","meta":{"footnotes":""},"class_list":["post-702","page","type-page","status-publish","hentry"],"_links":{"self":[{"href":"https:\/\/www.hohes-elbufer.de\/index.php?rest_route=\/wp\/v2\/pages\/702","targetHints":{"allow":["GET"]}}],"collection":[{"href":"https:\/\/www.hohes-elbufer.de\/index.php?rest_route=\/wp\/v2\/pages"}],"about":[{"href":"https:\/\/www.hohes-elbufer.de\/index.php?rest_route=\/wp\/v2\/types\/page"}],"author":[{"embeddable":true,"href":"https:\/\/www.hohes-elbufer.de\/index.php?rest_route=\/wp\/v2\/users\/1"}],"replies":[{"embeddable":true,"href":"https:\/\/www.hohes-elbufer.de\/index.php?rest_route=%2Fwp%2Fv2%2Fcomments&post=702"}],"version-history":[{"count":30,"href":"https:\/\/www.hohes-elbufer.de\/index.php?rest_route=\/wp\/v2\/pages\/702\/revisions"}],"predecessor-version":[{"id":1642,"href":"https:\/\/www.hohes-elbufer.de\/index.php?rest_route=\/wp\/v2\/pages\/702\/revisions\/1642"}],"wp:attachment":[{"href":"https:\/\/www.hohes-elbufer.de\/index.php?rest_route=%2Fwp%2Fv2%2Fmedia&parent=702"}],"curies":[{"name":"wp","href":"https:\/\/api.w.org\/{rel}","templated":true}]}}