{"id":648,"date":"2019-06-26T16:50:44","date_gmt":"2019-06-26T14:50:44","guid":{"rendered":"http:\/\/www.hohes-elbufer.de\/?page_id=648"},"modified":"2026-04-02T17:01:57","modified_gmt":"2026-04-02T15:01:57","slug":"wanderweg-hohes-elbufer","status":"publish","type":"page","link":"https:\/\/www.hohes-elbufer.de\/?page_id=648","title":{"rendered":"Von Bergedorf bis Lauenburg"},"content":{"rendered":"\n<p class=\"has-medium-font-size\"><em>Wanderweg &#8222;Hohes Elbufer &#8220; (Wanderweg 30)<\/em><\/p>\n\n\n<div class=\"wp-block-image\">\n<figure class=\"aligncenter is-resized\"><a href=\"http:\/\/www.hohes-elbufer.de\/wp-content\/uploads\/2019\/06\/Infos-und-Wegbeschreibungen-zum-Wanderweg-30.pdf\" target=\"_blank\" rel=\" noreferrer noopener\"><img loading=\"lazy\" decoding=\"async\" width=\"800\" height=\"507\" src=\"http:\/\/www.hohes-elbufer.de\/wp-content\/uploads\/2019\/06\/Wanderweg30.jpg\" alt=\"\" class=\"wp-image-682\" style=\"width:465px;height:auto\" srcset=\"https:\/\/www.hohes-elbufer.de\/wp-content\/uploads\/2019\/06\/Wanderweg30.jpg 800w, https:\/\/www.hohes-elbufer.de\/wp-content\/uploads\/2019\/06\/Wanderweg30-300x190.jpg 300w, https:\/\/www.hohes-elbufer.de\/wp-content\/uploads\/2019\/06\/Wanderweg30-768x487.jpg 768w\" sizes=\"auto, (max-width: 800px) 100vw, 800px\" \/><\/a><figcaption class=\"wp-element-caption\"><em>F\u00fcr Wegbeschreibungen auf das Bild klicken<\/em><\/figcaption><\/figure>\n<\/div>\n\n\n<p class=\"has-medium-font-size\"><em>Die Wege sind im Gel\u00e4nde mit Pfeilen (wie in der Legende oben ) markiert und gelegentlich mit den K\u00fcrzeln &#8222;BGF&#8220; (Bergedorf), &#8222;B\u00d6&#8220; (B\u00f6rnsen), &#8222;ES&#8220; (Escheburg), &#8222;GE&#8220; bzw. &#8222;G&#8220; (Geesthacht) und &#8222;L&#8220; (Lauenburg) versehen.<\/em><\/p>\n\n\n\n<p class=\"has-medium-font-size\"><em>Zu empfehlen ist, die Strecke in zwei Etappen anzugehen:<\/em><\/p>\n\n\n\n<p class=\"has-medium-font-size\"><em>&gt;&gt; Von Bergedorf nach Geesthacht (19 km)<\/em><\/p>\n\n\n\n<p class=\"has-medium-font-size\"><em>&gt;&gt; Von Geesthacht bis Lauenburg (18 km)<\/em><\/p>\n\n\n\n<p class=\"has-medium-font-size\"><em>Auf der Strecke Bergedorf &#8211; Geesthacht &#8211; Lauenburg fahren Busse der Verkehrsbetriebe Hamburg-Holstein (VHH), sodass der Weg zur\u00fcck bequem sein kann.<\/em><\/p>\n\n\n\n<p class=\"has-medium-font-size\"><em>Eine <a href=\"http:\/\/www.hohes-elbufer.de\/wp-content\/uploads\/2019\/06\/Infos-und-Wegbeschreibungen-zum-Wanderweg-30.pdf\" target=\"_blank\" rel=\"noreferrer noopener\"><strong><mark style=\"background-color:rgba(0, 0, 0, 0)\" class=\"has-inline-color has-vivid-cyan-blue-color\">Beschreibung <\/mark><\/strong><\/a>der Teilstrecken und weitere Infos h\u00e4lt der Bergedorfer B\u00fcrgerverein im Internet vor. Sie wird hier als PDF-Datei angeboten und kann durch einen Klick auf den Link unten heruntergeladen und ausgedruckt werden.<\/em><\/p>\n\n\n\n<p class=\"has-text-align-center has-medium-font-size\"><strong><em><a href=\"https:\/\/www.hohes-elbufer.de\/?page_id=648\"><mark style=\"background-color:rgba(0, 0, 0, 0)\" class=\"has-inline-color has-vivid-cyan-blue-color\">Nach oben<\/mark><\/a><\/em><\/strong><\/p>\n","protected":false},"excerpt":{"rendered":"<p>Wanderweg &#8222;Hohes Elbufer &#8220; (Wanderweg 30) Die Wege sind im Gel\u00e4nde mit Pfeilen (wie in der Legende oben ) markiert und gelegentlich mit den K\u00fcrzeln&hellip;<\/p>\n","protected":false},"author":1,"featured_media":0,"parent":0,"menu_order":0,"comment_status":"closed","ping_status":"closed","template":"","meta":{"footnotes":""},"class_list":["post-648","page","type-page","status-publish","hentry"],"_links":{"self":[{"href":"https:\/\/www.hohes-elbufer.de\/index.php?rest_route=\/wp\/v2\/pages\/648","targetHints":{"allow":["GET"]}}],"collection":[{"href":"https:\/\/www.hohes-elbufer.de\/index.php?rest_route=\/wp\/v2\/pages"}],"about":[{"href":"https:\/\/www.hohes-elbufer.de\/index.php?rest_route=\/wp\/v2\/types\/page"}],"author":[{"embeddable":true,"href":"https:\/\/www.hohes-elbufer.de\/index.php?rest_route=\/wp\/v2\/users\/1"}],"replies":[{"embeddable":true,"href":"https:\/\/www.hohes-elbufer.de\/index.php?rest_route=%2Fwp%2Fv2%2Fcomments&post=648"}],"version-history":[{"count":32,"href":"https:\/\/www.hohes-elbufer.de\/index.php?rest_route=\/wp\/v2\/pages\/648\/revisions"}],"predecessor-version":[{"id":1513,"href":"https:\/\/www.hohes-elbufer.de\/index.php?rest_route=\/wp\/v2\/pages\/648\/revisions\/1513"}],"wp:attachment":[{"href":"https:\/\/www.hohes-elbufer.de\/index.php?rest_route=%2Fwp%2Fv2%2Fmedia&parent=648"}],"curies":[{"name":"wp","href":"https:\/\/api.w.org\/{rel}","templated":true}]}}