{"id":597,"date":"2018-05-15T22:03:54","date_gmt":"2018-05-15T20:03:54","guid":{"rendered":"http:\/\/www.hohes-elbufer.de\/?page_id=597"},"modified":"2026-04-02T16:44:45","modified_gmt":"2026-04-02T14:44:45","slug":"597-2","status":"publish","type":"page","link":"https:\/\/www.hohes-elbufer.de\/?page_id=597","title":{"rendered":"Lauenburgs Unterstadt"},"content":{"rendered":"<div class=\"wp-block-image\">\n<figure class=\"alignright\"><a href=\"http:\/\/www.hohes-elbufer.de\/wp-content\/uploads\/2018\/05\/Lbg-Fassaden.jpg\" target=\"_blank\" rel=\" noreferrer noopener\"><img loading=\"lazy\" decoding=\"async\" width=\"300\" height=\"214\" src=\"http:\/\/www.hohes-elbufer.de\/wp-content\/uploads\/2018\/05\/Lbg-Fassaden-300x214.jpg\" alt=\"\" class=\"wp-image-598\" srcset=\"https:\/\/www.hohes-elbufer.de\/wp-content\/uploads\/2018\/05\/Lbg-Fassaden-300x214.jpg 300w, https:\/\/www.hohes-elbufer.de\/wp-content\/uploads\/2018\/05\/Lbg-Fassaden-768x548.jpg 768w, https:\/\/www.hohes-elbufer.de\/wp-content\/uploads\/2018\/05\/Lbg-Fassaden-1024x731.jpg 1024w, https:\/\/www.hohes-elbufer.de\/wp-content\/uploads\/2018\/05\/Lbg-Fassaden.jpg 1511w\" sizes=\"auto, (max-width: 300px) 100vw, 300px\" \/><\/a><figcaption class=\"wp-element-caption\"><em>H\u00e4userfront in der Elbstra\u00dfe<\/em><\/figcaption><\/figure>\n<\/div>\n\n<div class=\"wp-block-image\">\n<figure class=\"alignleft size-full is-resized\"><img decoding=\"async\" width=\"291.108\" height=\"291.108\" src=\"https:\/\/www.hohes-elbufer.de\/wp-content\/uploads\/2024\/12\/Ruf.svg\" alt=\"\" class=\"wp-image-1030\" style=\"width:77px;height:auto\"\/><\/figure>\n<\/div>\n\n\n<p class=\"has-medium-font-size\"><em>Im Gegensatz zur eher schmucklosen Oberstadt ist die malerische Unterstadt ein touristischer Anziehungspunkt. Entlang der \u00e4ltesten Stra\u00dfe, der Elbstra\u00dfe, legen farbenpr\u00e4chtige Fachwerkh\u00e4user mit reichen Verzierungen aus vier Jahrhunderten Zeugnis ab vom einstigen Wohlstand. Das \u00e4lteste Haus stammt aus dem Jahr 1573.<\/em><\/p>\n\n\n<div class=\"wp-block-image\">\n<figure class=\"alignleft size-full is-resized\"><a href=\"https:\/\/www.hohes-elbufer.de\/wp-content\/uploads\/2026\/03\/Lbg-Turm.png\" target=\"_blank\" rel=\" noreferrer noopener\"><img loading=\"lazy\" decoding=\"async\" width=\"706\" height=\"530\" src=\"https:\/\/www.hohes-elbufer.de\/wp-content\/uploads\/2026\/03\/Lbg-Turm.png\" alt=\"\" class=\"wp-image-1398\" style=\"width:243px;height:auto\" srcset=\"https:\/\/www.hohes-elbufer.de\/wp-content\/uploads\/2026\/03\/Lbg-Turm.png 706w, https:\/\/www.hohes-elbufer.de\/wp-content\/uploads\/2026\/03\/Lbg-Turm-300x225.png 300w\" sizes=\"auto, (max-width: 706px) 100vw, 706px\" \/><\/a><\/figure>\n<\/div>\n\n\n<p class=\"has-medium-font-size\"><em>An die Vergangenheit als Herzogssitz erinnert in Lauenburg nur noch ein ehemaliger Schlossfl\u00fcgel und der Schlossturm von 1477. Die auf einem rund 50 Meter hohen H\u00fcgel gelegene Residenz brannte 1616 nieder. Wer den Aufstieg nicht scheut, dem bietet sich ein traumhafter Blick auf die Elbe und die Landschaft rund um die Stadt.<\/em><\/p>\n\n\n<div class=\"wp-block-image\">\n<figure class=\"alignright\"><a href=\"http:\/\/www.hohes-elbufer.de\/wp-content\/uploads\/2018\/05\/Rufer.jpg\" target=\"_blank\" rel=\" noreferrer noopener\"><img loading=\"lazy\" decoding=\"async\" width=\"300\" height=\"158\" src=\"http:\/\/www.hohes-elbufer.de\/wp-content\/uploads\/2018\/05\/Rufer-300x158.jpg\" alt=\"\" class=\"wp-image-599\" srcset=\"https:\/\/www.hohes-elbufer.de\/wp-content\/uploads\/2018\/05\/Rufer-300x158.jpg 300w, https:\/\/www.hohes-elbufer.de\/wp-content\/uploads\/2018\/05\/Rufer-768x405.jpg 768w, https:\/\/www.hohes-elbufer.de\/wp-content\/uploads\/2018\/05\/Rufer.jpg 805w\" sizes=\"auto, (max-width: 300px) 100vw, 300px\" \/><\/a><figcaption class=\"wp-element-caption\"><em>Rufer mit der Elbbr\u00fccke im Hintergrund<\/em><\/figcaption><\/figure>\n<\/div>\n\n\n<p class=\"has-medium-font-size\"><em>Ein Wahrzeichen aus j\u00fcngerer Zeit ist der bronzene &#8222;Rufer&#8220; des Bildhauers Karlheinz Goedtke.<\/em><\/p>\n\n\n\n<p class=\"has-medium-font-size\"><em>Alles \u00fcber die Geschichte Lauenburgs als Schifferstadt k\u00f6nnen Besucher im <span style=\"color: #0000ff;\"><strong><mark style=\"background-color:rgba(0, 0, 0, 0)\" class=\"has-inline-color has-vivid-cyan-blue-color\"><a href=\"http:\/\/www.elbschiffahrtsmuseum.de\/\" target=\"_blank\" rel=\"noreferrer noopener\">Elbschifffahrtsmuseum<\/a> <\/mark><\/strong><\/span>erfahren.<\/em><\/p>\n\n\n\n<p class=\"has-medium-font-size\"><em>Wer in den Sommermonaten nach Lauenburg kommt, sollte sich eine Schiffstour mit dem &#8222;Kaiser Wilhelm&#8220; nicht entgehen lassen, einem der letzten mit Kohle befeuerten Fahrgast-Raddampfer der Welt.<\/em><\/p>\n\n\n\n<p class=\"has-text-align-center has-medium-font-size\"><strong><em><a href=\"https:\/\/www.hohes-elbufer.de\/?page_id=597\"><mark style=\"background-color:rgba(0, 0, 0, 0)\" class=\"has-inline-color has-vivid-cyan-blue-color\">Nach oben<\/mark><\/a><\/em><\/strong><\/p>\n","protected":false},"excerpt":{"rendered":"<p>Im Gegensatz zur eher schmucklosen Oberstadt ist die malerische Unterstadt ein touristischer Anziehungspunkt. Entlang der \u00e4ltesten Stra\u00dfe, der Elbstra\u00dfe, legen farbenpr\u00e4chtige Fachwerkh\u00e4user mit reichen Verzierungen&hellip;<\/p>\n","protected":false},"author":1,"featured_media":0,"parent":0,"menu_order":0,"comment_status":"closed","ping_status":"closed","template":"","meta":{"footnotes":""},"class_list":["post-597","page","type-page","status-publish","hentry"],"_links":{"self":[{"href":"https:\/\/www.hohes-elbufer.de\/index.php?rest_route=\/wp\/v2\/pages\/597","targetHints":{"allow":["GET"]}}],"collection":[{"href":"https:\/\/www.hohes-elbufer.de\/index.php?rest_route=\/wp\/v2\/pages"}],"about":[{"href":"https:\/\/www.hohes-elbufer.de\/index.php?rest_route=\/wp\/v2\/types\/page"}],"author":[{"embeddable":true,"href":"https:\/\/www.hohes-elbufer.de\/index.php?rest_route=\/wp\/v2\/users\/1"}],"replies":[{"embeddable":true,"href":"https:\/\/www.hohes-elbufer.de\/index.php?rest_route=%2Fwp%2Fv2%2Fcomments&post=597"}],"version-history":[{"count":14,"href":"https:\/\/www.hohes-elbufer.de\/index.php?rest_route=\/wp\/v2\/pages\/597\/revisions"}],"predecessor-version":[{"id":1499,"href":"https:\/\/www.hohes-elbufer.de\/index.php?rest_route=\/wp\/v2\/pages\/597\/revisions\/1499"}],"wp:attachment":[{"href":"https:\/\/www.hohes-elbufer.de\/index.php?rest_route=%2Fwp%2Fv2%2Fmedia&parent=597"}],"curies":[{"name":"wp","href":"https:\/\/api.w.org\/{rel}","templated":true}]}}