{"id":528,"date":"2017-03-20T16:52:01","date_gmt":"2017-03-20T14:52:01","guid":{"rendered":"http:\/\/www.hohes-elbufer.de\/?page_id=528"},"modified":"2026-04-30T20:44:25","modified_gmt":"2026-04-30T18:44:25","slug":"lauenburg","status":"publish","type":"page","link":"https:\/\/www.hohes-elbufer.de\/?page_id=528","title":{"rendered":"Der Elbe-L\u00fcbeck-Kanal"},"content":{"rendered":"\n<figure class=\"wp-block-image alignwide size-full\"><a href=\"http:\/\/www.hohes-elbufer.de\/wp-content\/uploads\/2026\/04\/Kopfzeile-3.png\"><img loading=\"lazy\" decoding=\"async\" width=\"744\" height=\"32\" src=\"http:\/\/www.hohes-elbufer.de\/wp-content\/uploads\/2026\/04\/Kopfzeile-3.png\" alt=\"\" class=\"wp-image-1546\" srcset=\"https:\/\/www.hohes-elbufer.de\/wp-content\/uploads\/2026\/04\/Kopfzeile-3.png 744w, https:\/\/www.hohes-elbufer.de\/wp-content\/uploads\/2026\/04\/Kopfzeile-3-300x13.png 300w\" sizes=\"auto, (max-width: 744px) 100vw, 744px\" \/><\/a><\/figure>\n\n\n\n<div style=\"height:30px\" aria-hidden=\"true\" class=\"wp-block-spacer\"><\/div>\n\n\n\n<p class=\"has-medium-font-size\">Wer vom Kirchplatz der Marienkirche \u00fcber den Wallweg oder von der Elbstra\u00dfe \u00fcber die 131 Stufen z\u00e4hlende F\u00e4hrtreppe zum Lauenburger Schloss aufsteigt, der kann sich vom Askanierblick aus 49 m H\u00f6he eine \u00dcbersicht verschaffen von der Einm\u00fcndung des Elbe-L\u00fcbeck-Kanals in die Elbe.<\/p>\n\n\n\n<div style=\"height:30px\" aria-hidden=\"true\" class=\"wp-block-spacer\"><\/div>\n\n\n<div class=\"wp-block-image\">\n<figure class=\"aligncenter size-full is-resized\"><img loading=\"lazy\" decoding=\"async\" width=\"828\" height=\"446\" src=\"http:\/\/www.hohes-elbufer.de\/wp-content\/uploads\/2022\/02\/Elbe-Luebeck-Kanal.jpg\" alt=\"\" class=\"wp-image-874\" style=\"width:836px;height:auto\" srcset=\"https:\/\/www.hohes-elbufer.de\/wp-content\/uploads\/2022\/02\/Elbe-Luebeck-Kanal.jpg 828w, https:\/\/www.hohes-elbufer.de\/wp-content\/uploads\/2022\/02\/Elbe-Luebeck-Kanal-300x162.jpg 300w, https:\/\/www.hohes-elbufer.de\/wp-content\/uploads\/2022\/02\/Elbe-Luebeck-Kanal-768x414.jpg 768w\" sizes=\"auto, (max-width: 828px) 100vw, 828px\" \/><figcaption class=\"wp-element-caption\">Einm\u00fcndung des Elbe-L\u00fcbeck-Kanals in die Elbe und Lage des Askanierblicks<\/figcaption><\/figure>\n<\/div>\n\n<div class=\"wp-block-image\">\n<figure class=\"alignright\"><a href=\"http:\/\/www.hohes-elbufer.de\/wp-content\/uploads\/2017\/03\/ELK.jpg\"><img loading=\"lazy\" decoding=\"async\" width=\"361\" height=\"536\" src=\"http:\/\/www.hohes-elbufer.de\/wp-content\/uploads\/2017\/03\/ELK.jpg\" alt=\"\" class=\"wp-image-553\" srcset=\"https:\/\/www.hohes-elbufer.de\/wp-content\/uploads\/2017\/03\/ELK.jpg 361w, https:\/\/www.hohes-elbufer.de\/wp-content\/uploads\/2017\/03\/ELK-202x300.jpg 202w\" sizes=\"auto, (max-width: 361px) 100vw, 361px\" \/><\/a><\/figure>\n<\/div>\n\n\n<p class=\"has-medium-font-size\">Vorl\u00e4ufer des heutigen Kanals ist der historische Stecknitzkanal, der 1391 bis 1398 unter der Schirmherrschaft der Hansestadt L\u00fcbeck und des lauenburgischen Herzogs Erich IV. im Verlauf der Fl\u00fcsse Stecknitz und Delvenau gebaut wurde. Einige Altstrecken sind bis heute links und rechts des heutigen Kanals erhalten geblieben.<\/p>\n\n\n\n<p class=\"has-medium-font-size\">Der Stecknitzkanal war der erste echte Wasserscheidekanal Europas und erstreckte sich von Lauenburg bis L\u00fcbeck \u00fcber eine L\u00e4nge von 97 km. Er nutzte die Flussl\u00e4ufe der nach S\u00fcden flie\u00dfenden Delvenau, die bei Lauenburg in die Elbe m\u00fcndet, und der nach Norden flie\u00dfenden Stecknitz, die in die Trave m\u00fcndet.<\/p>\n\n\n\n<p class=\"has-medium-font-size\">Er \u00fcberwand die Wasserscheide zwischen Nord<a href=\"https:\/\/de.wikipedia.org\/wiki\/Nordsee\">&#8211;<\/a> und Ostsee und damit einen H\u00f6henunterschied von 18 m mithilfe von 17 Schleusen, von denen die Palmschleuse in Lauenburg (siehe Bild) <em>und die D\u00fcckerschleuse bei Witzeeze noch erhalten sind.<\/em><\/p>\n\n\n<div class=\"wp-block-image\">\n<figure class=\"alignleft size-full is-resized\"><img loading=\"lazy\" decoding=\"async\" width=\"799\" height=\"561\" src=\"http:\/\/www.hohes-elbufer.de\/wp-content\/uploads\/2024\/12\/Palm.png\" alt=\"\" class=\"wp-image-1037\" style=\"width:372px;height:auto\" srcset=\"https:\/\/www.hohes-elbufer.de\/wp-content\/uploads\/2024\/12\/Palm.png 799w, https:\/\/www.hohes-elbufer.de\/wp-content\/uploads\/2024\/12\/Palm-300x211.png 300w, https:\/\/www.hohes-elbufer.de\/wp-content\/uploads\/2024\/12\/Palm-768x539.png 768w\" sizes=\"auto, (max-width: 799px) 100vw, 799px\" \/><figcaption class=\"wp-element-caption\">Palmschleuse, gut zu sehen von der Terrasse der Gastst\u00e4tte <a href=\"https:\/\/shun-lam.de\/\" target=\"_blank\" rel=\"noreferrer noopener\"><strong><mark style=\"background-color:rgba(0, 0, 0, 0)\" class=\"has-inline-color has-vivid-cyan-blue-color\">Shun Lam<\/mark><\/strong><\/a><\/figcaption><\/figure>\n<\/div>\n\n\n<p class=\"has-medium-font-size\">Der Stecknitzkanal diente vorwiegend dem Salztransport von L\u00fcneburg nach L\u00fcbeck. Ein solche Fahrt dauerte etwa 5 Wochen. Am 22. Juli 1398 erreichten die ersten 30 K\u00e4hne die Hansestadt. Damit wurde die Alte Salzstra\u00dfe als Haupttransportweg f\u00fcr das L\u00fcneburger Salz abgel\u00f6st.<\/p>\n\n\n\n<p class=\"has-medium-font-size\">Der Grundstein des von den L\u00fcbeckern als Konkurrenz zum Kaiser-Wilhelm-Kanal (Nord-Ostsee-Kanal, Kiel Canal) gesehenen Elbe-Trave-Kanals wurde am 31. M\u00e4rz 1895 feierlich gelegt und am 16. Juni 1900 in Anwesenheit des Kaisers er\u00f6ffnet. Er verk\u00fcrzte die Strecke zwischen Elbe und Ostsee auf 62 km. Die Zahl der Schleusen verringerte sich auf sieben und die Fahrtzeit sank auf rund acht Stunden. Stecknitz und die Delvenau sind in diesem Kanal weitgehend aufgegangen<\/p>\n\n\n\n<p class=\"has-medium-font-size\">Im Jahr 1936 erhielt der Elbe-Trave-Kanal seinen heutigen Namen: Elbe-L\u00fcbeck-Kanal.<\/p>\n\n\n\n<div style=\"height:30px\" aria-hidden=\"true\" class=\"wp-block-spacer\"><\/div>\n\n\n\n<p class=\"has-text-align-center has-medium-font-size\"><a href=\"https:\/\/www.hohes-elbufer.de\/?page_id=528\"><mark style=\"background-color:rgba(0, 0, 0, 0)\" class=\"has-inline-color has-vivid-cyan-blue-color\">Nach oben<\/mark><\/a><\/p>\n","protected":false},"excerpt":{"rendered":"<p>Wer vom Kirchplatz der Marienkirche \u00fcber den Wallweg oder von der Elbstra\u00dfe \u00fcber die 131 Stufen z\u00e4hlende F\u00e4hrtreppe zum Lauenburger Schloss aufsteigt, der kann sich&hellip;<\/p>\n","protected":false},"author":1,"featured_media":0,"parent":0,"menu_order":0,"comment_status":"closed","ping_status":"closed","template":"","meta":{"footnotes":""},"class_list":["post-528","page","type-page","status-publish","hentry"],"_links":{"self":[{"href":"https:\/\/www.hohes-elbufer.de\/index.php?rest_route=\/wp\/v2\/pages\/528","targetHints":{"allow":["GET"]}}],"collection":[{"href":"https:\/\/www.hohes-elbufer.de\/index.php?rest_route=\/wp\/v2\/pages"}],"about":[{"href":"https:\/\/www.hohes-elbufer.de\/index.php?rest_route=\/wp\/v2\/types\/page"}],"author":[{"embeddable":true,"href":"https:\/\/www.hohes-elbufer.de\/index.php?rest_route=\/wp\/v2\/users\/1"}],"replies":[{"embeddable":true,"href":"https:\/\/www.hohes-elbufer.de\/index.php?rest_route=%2Fwp%2Fv2%2Fcomments&post=528"}],"version-history":[{"count":46,"href":"https:\/\/www.hohes-elbufer.de\/index.php?rest_route=\/wp\/v2\/pages\/528\/revisions"}],"predecessor-version":[{"id":1585,"href":"https:\/\/www.hohes-elbufer.de\/index.php?rest_route=\/wp\/v2\/pages\/528\/revisions\/1585"}],"wp:attachment":[{"href":"https:\/\/www.hohes-elbufer.de\/index.php?rest_route=%2Fwp%2Fv2%2Fmedia&parent=528"}],"curies":[{"name":"wp","href":"https:\/\/api.w.org\/{rel}","templated":true}]}}