{"id":512,"date":"2017-03-20T01:28:13","date_gmt":"2017-03-19T23:28:13","guid":{"rendered":"http:\/\/www.hohes-elbufer.de\/?page_id=512"},"modified":"2026-03-28T19:02:39","modified_gmt":"2026-03-28T17:02:39","slug":"radeln","status":"publish","type":"page","link":"https:\/\/www.hohes-elbufer.de\/?page_id=512","title":{"rendered":"Radeln"},"content":{"rendered":"<div class=\"wp-block-image is-resized\">\n<figure class=\"alignleft size-full\"><img loading=\"lazy\" decoding=\"async\" width=\"184\" height=\"184\" src=\"https:\/\/www.hohes-elbufer.de\/wp-content\/uploads\/2022\/02\/Radeln.jpg\" alt=\"\" class=\"wp-image-836\" style=\"width:120px;height:auto\" srcset=\"https:\/\/www.hohes-elbufer.de\/wp-content\/uploads\/2022\/02\/Radeln.jpg 184w, https:\/\/www.hohes-elbufer.de\/wp-content\/uploads\/2022\/02\/Radeln-150x150.jpg 150w\" sizes=\"auto, (max-width: 184px) 100vw, 184px\" \/><\/figure>\n<\/div>\n\n\n<p class=\"has-medium-font-size\"><em>Das Hohe Elbufer zwischen Lauenburg und Geesthacht ist bewaldet und wird von zahlreichen Rad- und Wanderwegen erschlossen. Viele dieser Wege&nbsp;k\u00f6nnen&nbsp;mit dem Fahrrad befahren werden. So r\u00fccken&nbsp;nicht nur das Erholungsgebiet selbst, sondern&nbsp;auch das n\u00e4here Umland&nbsp;in erreichbare N\u00e4he.<\/em><\/p>\n","protected":false},"excerpt":{"rendered":"<p>Das Hohe Elbufer zwischen Lauenburg und Geesthacht ist bewaldet und wird von zahlreichen Rad- und Wanderwegen erschlossen. Viele dieser Wege&nbsp;k\u00f6nnen&nbsp;mit dem Fahrrad befahren werden. So&hellip;<\/p>\n","protected":false},"author":1,"featured_media":0,"parent":0,"menu_order":0,"comment_status":"closed","ping_status":"closed","template":"","meta":{"footnotes":""},"class_list":["post-512","page","type-page","status-publish","hentry"],"_links":{"self":[{"href":"https:\/\/www.hohes-elbufer.de\/index.php?rest_route=\/wp\/v2\/pages\/512","targetHints":{"allow":["GET"]}}],"collection":[{"href":"https:\/\/www.hohes-elbufer.de\/index.php?rest_route=\/wp\/v2\/pages"}],"about":[{"href":"https:\/\/www.hohes-elbufer.de\/index.php?rest_route=\/wp\/v2\/types\/page"}],"author":[{"embeddable":true,"href":"https:\/\/www.hohes-elbufer.de\/index.php?rest_route=\/wp\/v2\/users\/1"}],"replies":[{"embeddable":true,"href":"https:\/\/www.hohes-elbufer.de\/index.php?rest_route=%2Fwp%2Fv2%2Fcomments&post=512"}],"version-history":[{"count":18,"href":"https:\/\/www.hohes-elbufer.de\/index.php?rest_route=\/wp\/v2\/pages\/512\/revisions"}],"predecessor-version":[{"id":1481,"href":"https:\/\/www.hohes-elbufer.de\/index.php?rest_route=\/wp\/v2\/pages\/512\/revisions\/1481"}],"wp:attachment":[{"href":"https:\/\/www.hohes-elbufer.de\/index.php?rest_route=%2Fwp%2Fv2%2Fmedia&parent=512"}],"curies":[{"name":"wp","href":"https:\/\/api.w.org\/{rel}","templated":true}]}}