{"id":508,"date":"2017-03-20T01:16:22","date_gmt":"2017-03-19T23:16:22","guid":{"rendered":"http:\/\/www.hohes-elbufer.de\/?page_id=508"},"modified":"2026-04-03T10:18:31","modified_gmt":"2026-04-03T08:18:31","slug":"impressum","status":"publish","type":"page","link":"https:\/\/www.hohes-elbufer.de\/?page_id=508","title":{"rendered":"Impressum"},"content":{"rendered":"\n<p class=\"has-medium-font-size\"><em><strong>Inhaltlich Verantwortlicher gem\u00e4\u00df \u00a7 10 Absatz 3 MDStV<\/strong><\/em><\/p>\n\n\n\n<blockquote class=\"wp-block-quote is-layout-flow wp-block-quote-is-layout-flow\">\n<p><em>Gerd Stein<\/em><br><em>Gl\u00fcsinger Str.7\u200d<\/em><br><em>21481 Schnakenbek<\/em><br><em>g.stein@mint-unt.de<br><br><\/em><\/p>\n<\/blockquote>\n\n\n\n<p class=\"has-medium-font-size\"><em><strong>Haftungshinweise:<\/strong><\/em><\/p>\n\n\n\n<p class=\"has-medium-font-size\"><em><strong>Inhalt des Onlineangebots<\/strong><\/em><\/p>\n\n\n\n<p class=\"has-medium-font-size\"><em>Trotz sorgf\u00e4ltiger inhaltlicher Kontrolle \u00fcbernehmen wir keine Haftung f\u00fcr Aktualit\u00e4t, Korrektheit oder Vollst\u00e4ndigkeit der bereitgestellten Informationen. Alle Angebote sind freibleibend und unverbindlich. Wir behalten uns vor, Teile der Seiten oder das gesamte Angebot ohne gesonderte Ank\u00fcndigung zu ver\u00e4ndern oder zu erg\u00e4nzen.<\/em><\/p>\n\n\n\n<p class=\"has-medium-font-size\"><em><strong>Verweise und Links<\/strong><\/em><\/p>\n\n\n\n<p class=\"has-medium-font-size\"><em>F\u00fcr den Inhalt der auf unseren Seiten verlinkten externen Seiten sind ausschlie\u00dflich deren Betreiber verantwortlich<\/em><\/p>\n\n\n\n<p class=\"has-medium-font-size\"><em><strong>Urheber- und Kennzeichenrecht<\/strong><\/em><\/p>\n\n\n\n<p class=\"has-medium-font-size\"><em>Das Kopierrecht f\u00fcr Grafiken&nbsp;und Texte bleibt allein beim Ersteller.&nbsp;Eine Verwendung solcher Objekte aus gesch\u00e4ftlichen Interessen oder zur Ver\u00f6ffentlichung in anderen elektronischen oder gedruckten Publikationen ist ohne Zustimmung nicht gestattet.<\/em><\/p>\n\n\n\n<p class=\"has-medium-font-size\"><em>F\u00fcr unterrichtliche Zwecke oder den pers\u00f6nlichen Gebrauch wird deren Benutzung aber ausdr\u00fccklich freigegeben.<\/em><\/p>\n\n\n\n<p class=\"has-medium-font-size\"><em><b>Datenschutz<\/b><\/em><\/p>\n\n\n\n<p class=\"has-medium-font-size\"><em>Die Internetpr\u00e4senz benutzt das Content Management System&nbsp; &#8222;WordPress&#8220;\u00a9 f\u00fcr das eine Datenbank ben\u00f6tigt wird. Diese befindet sich auf dem Server des Internet Dienstanbieters STRATO-AG. Beim Aufrufen der Webseite erfasst der Server der STRATO-AG sogenannte&nbsp;LOG-Daten wie beispielsweise Datum und Uhrzeit der Einwahl oder auch IP-Adressen, die anonymisiert \u00fcber mehrere Tage gespeichert werden.<\/em><\/p>\n\n\n\n<p class=\"has-medium-font-size\"><em>Wie alle Unternehmen ist die STRATO-AG seit dem 25. Mai 2018 verpflichtet, sich an die Datenschutz-Grundverordnung der EU (DSGVO) zu halten und versichert in dem Sinne, alle n\u00f6tigen Vorkehrungen zum Schutz der von ihnen erhobenen Daten getroffen zu haben.&nbsp;<\/em><\/p>\n\n\n\n<p class=\"has-medium-font-size\"><em>Der f\u00fcr den Inhalt dieser Webseiten verantwortliche Betreiber sammelt ansonsten keinerlei personenbezogene Daten.&nbsp;<\/em><\/p>\n\n\n\n<p class=\"has-text-align-center has-medium-font-size\"><strong><em><a href=\"http:\/\/hohes-elbufer.de\"><mark style=\"background-color:rgba(0, 0, 0, 0)\" class=\"has-inline-color has-vivid-cyan-blue-color\">Nach oben<\/mark><\/a><\/em><\/strong><\/p>\n","protected":false},"excerpt":{"rendered":"<p>Inhaltlich Verantwortlicher gem\u00e4\u00df \u00a7 10 Absatz 3 MDStV Gerd SteinGl\u00fcsinger Str.7\u200d21481 Schnakenbekg.stein@mint-unt.de Haftungshinweise: Inhalt des Onlineangebots Trotz sorgf\u00e4ltiger inhaltlicher Kontrolle \u00fcbernehmen wir keine Haftung f\u00fcr&hellip;<\/p>\n","protected":false},"author":1,"featured_media":0,"parent":0,"menu_order":0,"comment_status":"closed","ping_status":"closed","template":"","meta":{"footnotes":""},"class_list":["post-508","page","type-page","status-publish","hentry"],"_links":{"self":[{"href":"https:\/\/www.hohes-elbufer.de\/index.php?rest_route=\/wp\/v2\/pages\/508","targetHints":{"allow":["GET"]}}],"collection":[{"href":"https:\/\/www.hohes-elbufer.de\/index.php?rest_route=\/wp\/v2\/pages"}],"about":[{"href":"https:\/\/www.hohes-elbufer.de\/index.php?rest_route=\/wp\/v2\/types\/page"}],"author":[{"embeddable":true,"href":"https:\/\/www.hohes-elbufer.de\/index.php?rest_route=\/wp\/v2\/users\/1"}],"replies":[{"embeddable":true,"href":"https:\/\/www.hohes-elbufer.de\/index.php?rest_route=%2Fwp%2Fv2%2Fcomments&post=508"}],"version-history":[{"count":17,"href":"https:\/\/www.hohes-elbufer.de\/index.php?rest_route=\/wp\/v2\/pages\/508\/revisions"}],"predecessor-version":[{"id":1536,"href":"https:\/\/www.hohes-elbufer.de\/index.php?rest_route=\/wp\/v2\/pages\/508\/revisions\/1536"}],"wp:attachment":[{"href":"https:\/\/www.hohes-elbufer.de\/index.php?rest_route=%2Fwp%2Fv2%2Fmedia&parent=508"}],"curies":[{"name":"wp","href":"https:\/\/api.w.org\/{rel}","templated":true}]}}