{"id":487,"date":"2017-03-19T17:13:21","date_gmt":"2017-03-19T15:13:21","guid":{"rendered":"http:\/\/www.hohes-elbufer.de\/?page_id=487"},"modified":"2026-04-02T16:49:41","modified_gmt":"2026-04-02T14:49:41","slug":"elbe-s-k","status":"publish","type":"page","link":"https:\/\/www.hohes-elbufer.de\/?page_id=487","title":{"rendered":"Der Elbe-Seitenkanal"},"content":{"rendered":"<div class=\"wp-block-image\">\n<figure class=\"alignleft is-resized\"><a href=\"http:\/\/www.hohes-elbufer.de\/wp-content\/uploads\/2018\/05\/ESK.jpg\" target=\"_blank\" rel=\" noreferrer noopener\"><img loading=\"lazy\" decoding=\"async\" width=\"350\" height=\"592\" src=\"http:\/\/www.hohes-elbufer.de\/wp-content\/uploads\/2018\/05\/ESK.jpg\" alt=\"\" class=\"wp-image-558\" style=\"width:299px;height:auto\" srcset=\"https:\/\/www.hohes-elbufer.de\/wp-content\/uploads\/2018\/05\/ESK.jpg 350w, https:\/\/www.hohes-elbufer.de\/wp-content\/uploads\/2018\/05\/ESK-177x300.jpg 177w\" sizes=\"auto, (max-width: 350px) 100vw, 350px\" \/><\/a><\/figure>\n<\/div>\n\n\n<p class=\"has-medium-font-size\"><em>Der Elbe-Seitenkanal&nbsp;wurde nach achtj\u00e4hriger Bauzeit am 15. 06. 1976 f\u00fcr die Schifffahrt freigegeben. Doch schon schon einen Monat sp\u00e4ter, am&nbsp;18. 07. 1976, musste er wegen eines Dammbruchs bei Erbstorf in der N\u00e4he von L\u00fcneburg wieder gesperrt werden. Nach Behebung des Schadens und der Durchf\u00fchrung zus\u00e4tzlicher Sicherungsma\u00dfnahmen wurde der Kanal dann am 24. 06. 1977 wieder in Betrieb genommen.<\/em><\/p>\n\n\n\n<p class=\"has-medium-font-size\"><em>Die Gesamtl\u00e4nge des Kanals betr\u00e4gt 115,2 km. Er verbindet die Elbe mit dem Mittellandkanal.<\/em><\/p>\n\n\n\n<p class=\"has-medium-font-size\"><em>Der H\u00f6henunterschied von 61 m zwischen dem Wasserspiegel des Mittellandkanals und der Elbe-Staustufe bei Geesthacht wird mit zwei Schachtschleusen in Uelzen (Fallh\u00f6he 23 m) und einem Doppelsenkrecht-<a href=\"http:\/\/www.hohes-elbufer.de\/?page_id=443\" target=\"_blank\" rel=\"noreferrer noopener\">Schiffshebewerk <\/a>bei Scharnebeck (Fallh\u00f6he 38 m) \u00fcberwunden.<\/em><\/p>\n\n\n\n<p class=\"has-medium-font-size\"><em>Der Elbe-Seitenkanal erm\u00f6glicht die Umfahrung des schwierigen und von wechselnden Wasserst\u00e4nden beeinflussten Teilst\u00fccks der Elbe zwischen Lauenburg und Magdeburg und verk\u00fcrzt zudem die Fahrstrecke um 33 km.<\/em><\/p>\n\n\n<div class=\"wp-block-image\">\n<figure class=\"alignright is-resized\"><a href=\"http:\/\/www.hohes-elbufer.de\/wp-content\/uploads\/2017\/03\/Elbeab.jpg\" target=\"_blank\" rel=\" noreferrer noopener\"><img loading=\"lazy\" decoding=\"async\" width=\"1024\" height=\"459\" src=\"http:\/\/www.hohes-elbufer.de\/wp-content\/uploads\/2017\/03\/Elbeab-1024x459.jpg\" alt=\"\" class=\"wp-image-499\" style=\"aspect-ratio:2.2309285151652496;width:425px;height:auto\" srcset=\"https:\/\/www.hohes-elbufer.de\/wp-content\/uploads\/2017\/03\/Elbeab-1024x459.jpg 1024w, https:\/\/www.hohes-elbufer.de\/wp-content\/uploads\/2017\/03\/Elbeab-300x134.jpg 300w, https:\/\/www.hohes-elbufer.de\/wp-content\/uploads\/2017\/03\/Elbeab-768x344.jpg 768w, https:\/\/www.hohes-elbufer.de\/wp-content\/uploads\/2017\/03\/Elbeab.jpg 2029w\" sizes=\"auto, (max-width: 1024px) 100vw, 1024px\" \/><\/a><figcaption class=\"wp-element-caption\"><em>Blick auf die Elbe vom Schnakenbeker Ufer in Richtung Geesthacht.<\/em><\/figcaption><\/figure>\n<\/div>\n\n<div class=\"wp-block-image\">\n<figure class=\"alignleft size-large is-resized\"><a href=\"http:\/\/www.hohes-elbufer.de\/wp-content\/uploads\/2026\/03\/elb-seit.png\" target=\"_blank\" rel=\" noreferrer noopener\"><img loading=\"lazy\" decoding=\"async\" width=\"1024\" height=\"648\" src=\"http:\/\/www.hohes-elbufer.de\/wp-content\/uploads\/2026\/03\/elb-seit-1024x648.png\" alt=\"\" class=\"wp-image-1404\" style=\"aspect-ratio:1.5802594916824726;width:294px;height:auto\" srcset=\"https:\/\/www.hohes-elbufer.de\/wp-content\/uploads\/2026\/03\/elb-seit-1024x648.png 1024w, https:\/\/www.hohes-elbufer.de\/wp-content\/uploads\/2026\/03\/elb-seit-300x190.png 300w, https:\/\/www.hohes-elbufer.de\/wp-content\/uploads\/2026\/03\/elb-seit-768x486.png 768w, https:\/\/www.hohes-elbufer.de\/wp-content\/uploads\/2026\/03\/elb-seit.png 1152w\" sizes=\"auto, (max-width: 1024px) 100vw, 1024px\" \/><\/a><figcaption class=\"wp-element-caption\"><em>Die Einfahrt in den Elbe-Seitenkanal bei Artlenburg im Licht der Abendsonne.<\/em><\/figcaption><\/figure>\n<\/div>\n\n\n<div style=\"height:5px\" aria-hidden=\"true\" class=\"wp-block-spacer\"><\/div>\n\n\n\n<p class=\"has-text-align-center has-medium-font-size\"><strong><em><a href=\"https:\/\/www.hohes-elbufer.de\/?page_id=487\"><mark style=\"background-color:rgba(0, 0, 0, 0)\" class=\"has-inline-color has-vivid-cyan-blue-color\">Nach oben<\/mark><\/a><\/em><\/strong><\/p>\n","protected":false},"excerpt":{"rendered":"<p>Der Elbe-Seitenkanal&nbsp;wurde nach achtj\u00e4hriger Bauzeit am 15. 06. 1976 f\u00fcr die Schifffahrt freigegeben. Doch schon schon einen Monat sp\u00e4ter, am&nbsp;18. 07. 1976, musste er wegen&hellip;<\/p>\n","protected":false},"author":1,"featured_media":0,"parent":0,"menu_order":0,"comment_status":"closed","ping_status":"closed","template":"","meta":{"footnotes":""},"class_list":["post-487","page","type-page","status-publish","hentry"],"_links":{"self":[{"href":"https:\/\/www.hohes-elbufer.de\/index.php?rest_route=\/wp\/v2\/pages\/487","targetHints":{"allow":["GET"]}}],"collection":[{"href":"https:\/\/www.hohes-elbufer.de\/index.php?rest_route=\/wp\/v2\/pages"}],"about":[{"href":"https:\/\/www.hohes-elbufer.de\/index.php?rest_route=\/wp\/v2\/types\/page"}],"author":[{"embeddable":true,"href":"https:\/\/www.hohes-elbufer.de\/index.php?rest_route=\/wp\/v2\/users\/1"}],"replies":[{"embeddable":true,"href":"https:\/\/www.hohes-elbufer.de\/index.php?rest_route=%2Fwp%2Fv2%2Fcomments&post=487"}],"version-history":[{"count":41,"href":"https:\/\/www.hohes-elbufer.de\/index.php?rest_route=\/wp\/v2\/pages\/487\/revisions"}],"predecessor-version":[{"id":1504,"href":"https:\/\/www.hohes-elbufer.de\/index.php?rest_route=\/wp\/v2\/pages\/487\/revisions\/1504"}],"wp:attachment":[{"href":"https:\/\/www.hohes-elbufer.de\/index.php?rest_route=%2Fwp%2Fv2%2Fmedia&parent=487"}],"curies":[{"name":"wp","href":"https:\/\/api.w.org\/{rel}","templated":true}]}}