{"id":456,"date":"2017-03-19T14:22:09","date_gmt":"2017-03-19T12:22:09","guid":{"rendered":"http:\/\/www.hohes-elbufer.de\/?page_id=456"},"modified":"2026-04-02T17:23:06","modified_gmt":"2026-04-02T15:23:06","slug":"uferweg","status":"publish","type":"page","link":"https:\/\/www.hohes-elbufer.de\/?page_id=456","title":{"rendered":"Wandern am Elbufer"},"content":{"rendered":"<div class=\"wp-block-image\">\n<figure class=\"alignleft\"><a href=\"http:\/\/www.hohes-elbufer.de\/wp-content\/uploads\/2013\/03\/Lbg-Tesperh.gif\" target=\"_blank\" rel=\" noreferrer noopener\"><img loading=\"lazy\" decoding=\"async\" width=\"300\" height=\"137\" src=\"http:\/\/www.hohes-elbufer.de\/wp-content\/uploads\/2013\/03\/Lbg-Tesperh-300x137.gif\" alt=\"\" class=\"wp-image-292\" srcset=\"https:\/\/www.hohes-elbufer.de\/wp-content\/uploads\/2013\/03\/Lbg-Tesperh-300x137.gif 300w, https:\/\/www.hohes-elbufer.de\/wp-content\/uploads\/2013\/03\/Lbg-Tesperh-768x351.gif 768w, https:\/\/www.hohes-elbufer.de\/wp-content\/uploads\/2013\/03\/Lbg-Tesperh-1024x468.gif 1024w\" sizes=\"auto, (max-width: 300px) 100vw, 300px\" \/><\/a><\/figure>\n<\/div>\n\n\n<p class=\"has-medium-font-size\"><em>Um einen ersten Eindruck dieser besonderen Landschaft zu bekommen&nbsp;sei&nbsp;eine Wanderung auf dem naturbelassenen Weg in unmittelbarer N\u00e4he zum Elbufer von Lauenburg&nbsp;Richtung Gr\u00fcnhof-Tesperhude empfohlen.<\/em><\/p>\n\n\n\n<p class=\"has-medium-font-size\"><em>Man startet &#8222;Am Kuhgrund&#8220; (1) gegen\u00fcber dem &#8222;<strong><a href=\"https:\/\/www.facebook.com\/p\/Bootshaus-Caf%C3%A9-und-Restaurant-100057203629982\/\" target=\"_blank\" rel=\"noreferrer noopener\"><mark style=\"background-color:rgba(0, 0, 0, 0)\" class=\"has-inline-color has-vivid-cyan-blue-color\">Bootshaus Caf\u00e9 und Restaurant<\/mark><\/a><\/strong>&#8220; elbabw\u00e4rts. Nach gut einer halben Stunde kommt man an der Gastst\u00e4tte &#8222;<span style=\"color: #0000ff;\"><a href=\"http:\/\/alter-sandkrug.de\" target=\"_blank\" rel=\"noreferrer noopener\"><strong><mark style=\"background-color:rgba(0, 0, 0, 0)\" class=\"has-inline-color has-vivid-cyan-blue-color\">Alter\u00a0Sandkrug<\/mark><\/strong><\/a><\/span>&#8220; (2) unterhalb von Schnakenbek vorbei und folgt dem Weg weiter bis nach Gr\u00fcnhof-Tesperhude (3).<\/em><\/p>\n\n\n\n<p class=\"has-medium-font-size\"><em>Was einen unterwegs erwartet:<\/em><\/p>\n\n\n<div class=\"wp-block-image\">\n<figure class=\"aligncenter\"><a href=\"http:\/\/www.hohes-elbufer.de\/wp-content\/uploads\/2013\/03\/PICT0117.jpg\" target=\"_blank\" rel=\" noreferrer noopener\"><img loading=\"lazy\" decoding=\"async\" width=\"300\" height=\"225\" src=\"http:\/\/www.hohes-elbufer.de\/wp-content\/uploads\/2013\/03\/PICT0117-300x225.jpg\" alt=\"\" class=\"wp-image-314\" srcset=\"https:\/\/www.hohes-elbufer.de\/wp-content\/uploads\/2013\/03\/PICT0117-300x225.jpg 300w, https:\/\/www.hohes-elbufer.de\/wp-content\/uploads\/2013\/03\/PICT0117-768x576.jpg 768w, https:\/\/www.hohes-elbufer.de\/wp-content\/uploads\/2013\/03\/PICT0117-1024x768.jpg 1024w, https:\/\/www.hohes-elbufer.de\/wp-content\/uploads\/2013\/03\/PICT0117.jpg 1280w\" sizes=\"auto, (max-width: 300px) 100vw, 300px\" \/><\/a><figcaption class=\"wp-element-caption\"><em>Blick \u00fcber die Elbe auf Artlenburg in Niedersachsen<\/em><\/figcaption><\/figure>\n<\/div>\n\n<div class=\"wp-block-image\">\n<figure class=\"aligncenter\"><a href=\"http:\/\/www.hohes-elbufer.de\/wp-content\/uploads\/2013\/03\/Sandkrug.jpg\" target=\"_blank\" rel=\" noreferrer noopener\"><img loading=\"lazy\" decoding=\"async\" width=\"300\" height=\"225\" src=\"http:\/\/www.hohes-elbufer.de\/wp-content\/uploads\/2013\/03\/Sandkrug-300x225.jpg\" alt=\"\" class=\"wp-image-313\" srcset=\"https:\/\/www.hohes-elbufer.de\/wp-content\/uploads\/2013\/03\/Sandkrug-300x225.jpg 300w, https:\/\/www.hohes-elbufer.de\/wp-content\/uploads\/2013\/03\/Sandkrug-768x576.jpg 768w, https:\/\/www.hohes-elbufer.de\/wp-content\/uploads\/2013\/03\/Sandkrug-1024x768.jpg 1024w, https:\/\/www.hohes-elbufer.de\/wp-content\/uploads\/2013\/03\/Sandkrug.jpg 1280w\" sizes=\"auto, (max-width: 300px) 100vw, 300px\" \/><\/a><figcaption class=\"wp-element-caption\"><em>Gastst\u00e4tte &#8222;Alter Sandkrug&#8220; am Fu\u00df des Steilufers<\/em><\/figcaption><\/figure>\n<\/div>\n\n<div class=\"wp-block-image\">\n<figure class=\"aligncenter\"><a href=\"http:\/\/www.hohes-elbufer.de\/wp-content\/uploads\/2013\/03\/PICT0118.jpg\" target=\"_blank\" rel=\" noreferrer noopener\"><img loading=\"lazy\" decoding=\"async\" width=\"300\" height=\"225\" src=\"http:\/\/www.hohes-elbufer.de\/wp-content\/uploads\/2013\/03\/PICT0118-300x225.jpg\" alt=\"\" class=\"wp-image-318\" srcset=\"https:\/\/www.hohes-elbufer.de\/wp-content\/uploads\/2013\/03\/PICT0118-300x225.jpg 300w, https:\/\/www.hohes-elbufer.de\/wp-content\/uploads\/2013\/03\/PICT0118-768x576.jpg 768w, https:\/\/www.hohes-elbufer.de\/wp-content\/uploads\/2013\/03\/PICT0118-1024x768.jpg 1024w, https:\/\/www.hohes-elbufer.de\/wp-content\/uploads\/2013\/03\/PICT0118.jpg 1280w\" sizes=\"auto, (max-width: 300px) 100vw, 300px\" \/><\/a><figcaption class=\"wp-element-caption\"><em>Blick&nbsp;auf den Strom<\/em><\/figcaption><\/figure>\n<\/div>\n\n<div class=\"wp-block-image\">\n<figure class=\"aligncenter\"><a href=\"http:\/\/www.hohes-elbufer.de\/wp-content\/uploads\/2013\/03\/Altwasser.jpg\" target=\"_blank\" rel=\" noreferrer noopener\"><img loading=\"lazy\" decoding=\"async\" width=\"300\" height=\"225\" src=\"http:\/\/www.hohes-elbufer.de\/wp-content\/uploads\/2013\/03\/Altwasser-300x225.jpg\" alt=\"\" class=\"wp-image-316\" srcset=\"https:\/\/www.hohes-elbufer.de\/wp-content\/uploads\/2013\/03\/Altwasser-300x225.jpg 300w, https:\/\/www.hohes-elbufer.de\/wp-content\/uploads\/2013\/03\/Altwasser-768x576.jpg 768w, https:\/\/www.hohes-elbufer.de\/wp-content\/uploads\/2013\/03\/Altwasser-1024x768.jpg 1024w, https:\/\/www.hohes-elbufer.de\/wp-content\/uploads\/2013\/03\/Altwasser.jpg 1280w\" sizes=\"auto, (max-width: 300px) 100vw, 300px\" \/><\/a><figcaption class=\"wp-element-caption\"><em>Altwasser am Weg<\/em><\/figcaption><\/figure>\n<\/div>\n\n\n<p class=\"has-medium-font-size\"><em>Die Wanderung dauert ungef\u00e4hr zwei Stunden und ist zu jeder Jahreszeit ein Erlebnis. Mit den regelm\u00e4\u00dfig verkehrenden Bussen kommt man leicht zur\u00fcck. M\u00f6gliche Wartezeiten lassen sich durch einen Besuch im<mark style=\"background-color:rgba(0, 0, 0, 0)\" class=\"has-inline-color has-vivid-cyan-blue-color\"><strong>&nbsp;<\/strong><\/mark><strong><span style=\"color: #0000ff;\"><a href=\"http:\/\/www.cafe-koch.com\/\" target=\"_blank\" rel=\"noreferrer noopener\"><mark style=\"background-color:rgba(0, 0, 0, 0)\" class=\"has-inline-color has-vivid-cyan-blue-color\">Caf\u00e9 Koch<\/mark><\/a><\/span><\/strong><mark style=\"background-color:rgba(0, 0, 0, 0)\" class=\"has-inline-color has-vivid-cyan-blue-color\"><\/mark>oder im <strong><a href=\"https:\/\/www.elbkantinchen.de\/\" target=\"_blank\" rel=\"noreferrer noopener\"><mark style=\"background-color:rgba(0, 0, 0, 0)\" class=\"has-inline-color has-vivid-cyan-blue-color\">Elbkantinchen <\/mark><\/a><\/strong>verk\u00fcrzen.<\/em><\/p>\n\n\n\n<p class=\"has-text-align-center has-medium-font-size\"><strong><em><a href=\"https:\/\/www.hohes-elbufer.de\/?page_id=456\"><mark style=\"background-color:rgba(0, 0, 0, 0)\" class=\"has-inline-color has-vivid-cyan-blue-color\">Nach oben<\/mark><\/a><\/em><\/strong><\/p>\n","protected":false},"excerpt":{"rendered":"<p>Um einen ersten Eindruck dieser besonderen Landschaft zu bekommen&nbsp;sei&nbsp;eine Wanderung auf dem naturbelassenen Weg in unmittelbarer N\u00e4he zum Elbufer von Lauenburg&nbsp;Richtung Gr\u00fcnhof-Tesperhude empfohlen. Man startet&hellip;<\/p>\n","protected":false},"author":1,"featured_media":0,"parent":0,"menu_order":0,"comment_status":"closed","ping_status":"closed","template":"","meta":{"footnotes":""},"class_list":["post-456","page","type-page","status-publish","hentry"],"_links":{"self":[{"href":"https:\/\/www.hohes-elbufer.de\/index.php?rest_route=\/wp\/v2\/pages\/456","targetHints":{"allow":["GET"]}}],"collection":[{"href":"https:\/\/www.hohes-elbufer.de\/index.php?rest_route=\/wp\/v2\/pages"}],"about":[{"href":"https:\/\/www.hohes-elbufer.de\/index.php?rest_route=\/wp\/v2\/types\/page"}],"author":[{"embeddable":true,"href":"https:\/\/www.hohes-elbufer.de\/index.php?rest_route=\/wp\/v2\/users\/1"}],"replies":[{"embeddable":true,"href":"https:\/\/www.hohes-elbufer.de\/index.php?rest_route=%2Fwp%2Fv2%2Fcomments&post=456"}],"version-history":[{"count":29,"href":"https:\/\/www.hohes-elbufer.de\/index.php?rest_route=\/wp\/v2\/pages\/456\/revisions"}],"predecessor-version":[{"id":1526,"href":"https:\/\/www.hohes-elbufer.de\/index.php?rest_route=\/wp\/v2\/pages\/456\/revisions\/1526"}],"wp:attachment":[{"href":"https:\/\/www.hohes-elbufer.de\/index.php?rest_route=%2Fwp%2Fv2%2Fmedia&parent=456"}],"curies":[{"name":"wp","href":"https:\/\/api.w.org\/{rel}","templated":true}]}}