{"id":443,"date":"2017-03-19T13:09:55","date_gmt":"2017-03-19T11:09:55","guid":{"rendered":"http:\/\/www.hohes-elbufer.de\/?page_id=443"},"modified":"2026-04-02T16:51:42","modified_gmt":"2026-04-02T14:51:42","slug":"scharnebeck","status":"publish","type":"page","link":"https:\/\/www.hohes-elbufer.de\/?page_id=443","title":{"rendered":"Das Schiffshebewerk bei Scharnebeck"},"content":{"rendered":"\n<figure class=\"wp-block-image\"><a href=\"http:\/\/www.hohes-elbufer.de\/wp-content\/uploads\/2017\/03\/Schiffshebewerk.jpg\" target=\"_blank\" rel=\" noreferrer noopener\"><img loading=\"lazy\" decoding=\"async\" width=\"1024\" height=\"402\" src=\"http:\/\/www.hohes-elbufer.de\/wp-content\/uploads\/2017\/03\/Schiffshebewerk-1024x402.jpg\" alt=\"\" class=\"wp-image-453\" srcset=\"https:\/\/www.hohes-elbufer.de\/wp-content\/uploads\/2017\/03\/Schiffshebewerk-1024x402.jpg 1024w, https:\/\/www.hohes-elbufer.de\/wp-content\/uploads\/2017\/03\/Schiffshebewerk-300x118.jpg 300w, https:\/\/www.hohes-elbufer.de\/wp-content\/uploads\/2017\/03\/Schiffshebewerk-768x301.jpg 768w, https:\/\/www.hohes-elbufer.de\/wp-content\/uploads\/2017\/03\/Schiffshebewerk.jpg 1200w\" sizes=\"auto, (max-width: 1024px) 100vw, 1024px\" \/><\/a><\/figure>\n\n\n\n<p class=\"has-medium-font-size\"><em>Bei seiner Fertigstellung im Dezember 1975 war das Schiffshebewerk L\u00fcneburg bei Scharnebeck das gr\u00f6\u00dfte Doppelsenkrecht-Schiffshebewerk der Welt. In zwei mit Wasser gef\u00fcllten Tr\u00f6gen &#8211; einem gigantischen Fahrstuhl gleich &#8211; werden Schiffe&nbsp;aus&nbsp;der Elbmarsch \u00fcber 38 Meter in das Gebiet&nbsp;der L\u00fcneburger Heide gehoben. Von der Ein- bis zur Ausfahrt vergehen&nbsp;20 Minuten. Die reine Fahrzeit eines Troges dauert drei Minuten.<\/em><\/p>\n\n\n\n<p class=\"has-medium-font-size\"><em>Von der kostenfreien Aussichtsplattform am oberen Vorhafen l\u00e4sst sich eine Schleusung am besten miterleben. Wer selbst im Wassertrog mitfahren m\u00f6chte, kann das auf einer Barkasse tun, die Besucher durch das Hebewerk hinauf und wieder herunter schippert.&nbsp;N\u00e4here Informationen finden sich auf den Seiten der&nbsp;<strong><mark style=\"background-color:rgba(0, 0, 0, 0)\" class=\"has-inline-color has-vivid-cyan-blue-color\"><span style=\"color: #0000ff;\"><a href=\"https:\/\/www.wsa-mittellandkanal-elbe-seitenkanal.wsv.de\/Webs\/WSA\/Mittellandkanal-ESK\/DE\/Wasserstrassen\/BauwerkeAnlagen\/Hebewerke\/hebewerke_node.html\" target=\"_blank\" rel=\"noreferrer noopener\">Wasserstra\u00dfen- und Schifffahrtsverwaltung<\/a><\/span>.<\/mark><\/strong><\/em><\/p>\n\n\n\n<p class=\"has-text-align-center has-medium-font-size\"><strong><em><a href=\"https:\/\/www.hohes-elbufer.de\/?page_id=443\"><mark style=\"background-color:rgba(0, 0, 0, 0)\" class=\"has-inline-color has-vivid-cyan-blue-color\">Nach oben<\/mark><\/a><\/em><\/strong><\/p>\n","protected":false},"excerpt":{"rendered":"<p>Bei seiner Fertigstellung im Dezember 1975 war das Schiffshebewerk L\u00fcneburg bei Scharnebeck das gr\u00f6\u00dfte Doppelsenkrecht-Schiffshebewerk der Welt. In zwei mit Wasser gef\u00fcllten Tr\u00f6gen &#8211; einem&hellip;<\/p>\n","protected":false},"author":1,"featured_media":0,"parent":0,"menu_order":0,"comment_status":"closed","ping_status":"closed","template":"","meta":{"footnotes":""},"class_list":["post-443","page","type-page","status-publish","hentry"],"_links":{"self":[{"href":"https:\/\/www.hohes-elbufer.de\/index.php?rest_route=\/wp\/v2\/pages\/443","targetHints":{"allow":["GET"]}}],"collection":[{"href":"https:\/\/www.hohes-elbufer.de\/index.php?rest_route=\/wp\/v2\/pages"}],"about":[{"href":"https:\/\/www.hohes-elbufer.de\/index.php?rest_route=\/wp\/v2\/types\/page"}],"author":[{"embeddable":true,"href":"https:\/\/www.hohes-elbufer.de\/index.php?rest_route=\/wp\/v2\/users\/1"}],"replies":[{"embeddable":true,"href":"https:\/\/www.hohes-elbufer.de\/index.php?rest_route=%2Fwp%2Fv2%2Fcomments&post=443"}],"version-history":[{"count":24,"href":"https:\/\/www.hohes-elbufer.de\/index.php?rest_route=\/wp\/v2\/pages\/443\/revisions"}],"predecessor-version":[{"id":1506,"href":"https:\/\/www.hohes-elbufer.de\/index.php?rest_route=\/wp\/v2\/pages\/443\/revisions\/1506"}],"wp:attachment":[{"href":"https:\/\/www.hohes-elbufer.de\/index.php?rest_route=%2Fwp%2Fv2%2Fmedia&parent=443"}],"curies":[{"name":"wp","href":"https:\/\/api.w.org\/{rel}","templated":true}]}}