{"id":367,"date":"2017-03-03T20:51:45","date_gmt":"2017-03-03T18:51:45","guid":{"rendered":"http:\/\/www.hohes-elbufer.de\/?page_id=367"},"modified":"2026-04-02T16:53:02","modified_gmt":"2026-04-02T14:53:02","slug":"speicher","status":"publish","type":"page","link":"https:\/\/www.hohes-elbufer.de\/?page_id=367","title":{"rendered":"Das Pumpspeicherwerk im Energiepark Geesthacht"},"content":{"rendered":"<div class=\"wp-block-image\">\n<figure class=\"alignleft\"><a href=\"http:\/\/www.hohes-elbufer.de\/wp-content\/uploads\/2017\/03\/PICT0079.jpg\" target=\"_blank\" rel=\" noreferrer noopener\"><img loading=\"lazy\" decoding=\"async\" width=\"300\" height=\"225\" src=\"http:\/\/www.hohes-elbufer.de\/wp-content\/uploads\/2017\/03\/PICT0079-300x225.jpg\" alt=\"\" class=\"wp-image-370\" srcset=\"https:\/\/www.hohes-elbufer.de\/wp-content\/uploads\/2017\/03\/PICT0079-300x225.jpg 300w, https:\/\/www.hohes-elbufer.de\/wp-content\/uploads\/2017\/03\/PICT0079-768x576.jpg 768w, https:\/\/www.hohes-elbufer.de\/wp-content\/uploads\/2017\/03\/PICT0079-1024x768.jpg 1024w, https:\/\/www.hohes-elbufer.de\/wp-content\/uploads\/2017\/03\/PICT0079.jpg 1280w\" sizes=\"auto, (max-width: 300px) 100vw, 300px\" \/><\/a><\/figure>\n<\/div>\n\n\n<p class=\"has-medium-font-size\"><em>1958 ist das gr\u00f6\u00dfte Pumpspeicherwerk im norddeutschen Raum&nbsp;in Betrieb genommen worden.&nbsp;&nbsp; Auf dem 86 m hohen Geestr\u00fccken befindet sich ein 3,3 Millionen Kubikmeter Wasser fassendes Speicherbecken.&nbsp;&nbsp;\u00dcber drei gro\u00dfe Pumpen, die im so genannten&nbsp;Maschinenhaus untergebracht sind, kann das Becken durch 612 m lange Rohre mit Wasser von der Elbe gef\u00fcllt werden. Mit Hilfe der&nbsp;aufgestauten Wassermassen&nbsp;k\u00f6nnen dann Generatoren in Betrieb genommen werden,&nbsp;&nbsp;um kurzzeitige Schwankungen im Stromnetz auszugleichen. Weil aber heutzutage eine gleichm\u00e4\u00dfigere Auslastung des Stromnetzes&nbsp;&nbsp;gew\u00e4hrleistet werden kann und damit zu wenig Leistungsreserven zum Bef\u00fcllen des Speicherbeckens bereitstehen, ist das Pumpspeicherwerk unrentabel geworden. Hoffen wir, dass diese Sehensw\u00fcrdigkeit im Rahmen der Energiewende eine neue Bestimmung findet.<\/em><\/p>\n\n\n<div class=\"wp-block-image\">\n<figure class=\"aligncenter\"><a href=\"http:\/\/www.hohes-elbufer.de\/wp-content\/uploads\/2017\/03\/PICT0059.jpg\" target=\"_blank\" rel=\" noreferrer noopener\"><img loading=\"lazy\" decoding=\"async\" width=\"300\" height=\"225\" src=\"http:\/\/www.hohes-elbufer.de\/wp-content\/uploads\/2017\/03\/PICT0059-300x225.jpg\" alt=\"\" class=\"wp-image-374\" srcset=\"https:\/\/www.hohes-elbufer.de\/wp-content\/uploads\/2017\/03\/PICT0059-300x225.jpg 300w, https:\/\/www.hohes-elbufer.de\/wp-content\/uploads\/2017\/03\/PICT0059-768x576.jpg 768w, https:\/\/www.hohes-elbufer.de\/wp-content\/uploads\/2017\/03\/PICT0059-1024x768.jpg 1024w, https:\/\/www.hohes-elbufer.de\/wp-content\/uploads\/2017\/03\/PICT0059.jpg 1280w\" sizes=\"auto, (max-width: 300px) 100vw, 300px\" \/><\/a><figcaption class=\"wp-element-caption\"><em>Zuwegung zum Speicherbecken mit Aussichtsturm<\/em><\/figcaption><\/figure>\n<\/div>\n\n<div class=\"wp-block-image\">\n<figure class=\"aligncenter\"><a href=\"http:\/\/www.hohes-elbufer.de\/wp-content\/uploads\/2017\/03\/PICT0060.jpg\" target=\"_blank\" rel=\" noreferrer noopener\"><img loading=\"lazy\" decoding=\"async\" width=\"300\" height=\"225\" src=\"http:\/\/www.hohes-elbufer.de\/wp-content\/uploads\/2017\/03\/PICT0060-300x225.jpg\" alt=\"\" class=\"wp-image-375\" srcset=\"https:\/\/www.hohes-elbufer.de\/wp-content\/uploads\/2017\/03\/PICT0060-300x225.jpg 300w, https:\/\/www.hohes-elbufer.de\/wp-content\/uploads\/2017\/03\/PICT0060-768x576.jpg 768w, https:\/\/www.hohes-elbufer.de\/wp-content\/uploads\/2017\/03\/PICT0060-1024x768.jpg 1024w, https:\/\/www.hohes-elbufer.de\/wp-content\/uploads\/2017\/03\/PICT0060.jpg 1280w\" sizes=\"auto, (max-width: 300px) 100vw, 300px\" \/><\/a><figcaption class=\"wp-element-caption\"><em>Blick vom Beckenrand zu den Auslasstoren<\/em><\/figcaption><\/figure>\n<\/div>\n\n<div class=\"wp-block-image\">\n<figure class=\"aligncenter\"><a href=\"http:\/\/www.hohes-elbufer.de\/wp-content\/uploads\/2017\/03\/PICT0076.jpg\" target=\"_blank\" rel=\" noreferrer noopener\"><img loading=\"lazy\" decoding=\"async\" width=\"300\" height=\"225\" src=\"http:\/\/www.hohes-elbufer.de\/wp-content\/uploads\/2017\/03\/PICT0076-300x225.jpg\" alt=\"\" class=\"wp-image-376\" srcset=\"https:\/\/www.hohes-elbufer.de\/wp-content\/uploads\/2017\/03\/PICT0076-300x225.jpg 300w, https:\/\/www.hohes-elbufer.de\/wp-content\/uploads\/2017\/03\/PICT0076-768x576.jpg 768w, https:\/\/www.hohes-elbufer.de\/wp-content\/uploads\/2017\/03\/PICT0076-1024x768.jpg 1024w, https:\/\/www.hohes-elbufer.de\/wp-content\/uploads\/2017\/03\/PICT0076.jpg 1280w\" sizes=\"auto, (max-width: 300px) 100vw, 300px\" \/><\/a><figcaption class=\"wp-element-caption\"><em>Blick vom Aussichtsturm Richtung&nbsp;Staustufe<\/em><\/figcaption><\/figure>\n<\/div>\n\n\n<p class=\"has-text-align-center has-medium-font-size\"><strong><em><a href=\"https:\/\/www.hohes-elbufer.de\/?page_id=367\"><mark style=\"background-color:rgba(0, 0, 0, 0)\" class=\"has-inline-color has-vivid-cyan-blue-color\">Nach oben<\/mark><\/a><\/em><\/strong><\/p>\n","protected":false},"excerpt":{"rendered":"<p>1958 ist das gr\u00f6\u00dfte Pumpspeicherwerk im norddeutschen Raum&nbsp;in Betrieb genommen worden.&nbsp;&nbsp; Auf dem 86 m hohen Geestr\u00fccken befindet sich ein 3,3 Millionen Kubikmeter Wasser fassendes&hellip;<\/p>\n","protected":false},"author":1,"featured_media":0,"parent":0,"menu_order":0,"comment_status":"closed","ping_status":"closed","template":"","meta":{"footnotes":""},"class_list":["post-367","page","type-page","status-publish","hentry"],"_links":{"self":[{"href":"https:\/\/www.hohes-elbufer.de\/index.php?rest_route=\/wp\/v2\/pages\/367","targetHints":{"allow":["GET"]}}],"collection":[{"href":"https:\/\/www.hohes-elbufer.de\/index.php?rest_route=\/wp\/v2\/pages"}],"about":[{"href":"https:\/\/www.hohes-elbufer.de\/index.php?rest_route=\/wp\/v2\/types\/page"}],"author":[{"embeddable":true,"href":"https:\/\/www.hohes-elbufer.de\/index.php?rest_route=\/wp\/v2\/users\/1"}],"replies":[{"embeddable":true,"href":"https:\/\/www.hohes-elbufer.de\/index.php?rest_route=%2Fwp%2Fv2%2Fcomments&post=367"}],"version-history":[{"count":12,"href":"https:\/\/www.hohes-elbufer.de\/index.php?rest_route=\/wp\/v2\/pages\/367\/revisions"}],"predecessor-version":[{"id":1507,"href":"https:\/\/www.hohes-elbufer.de\/index.php?rest_route=\/wp\/v2\/pages\/367\/revisions\/1507"}],"wp:attachment":[{"href":"https:\/\/www.hohes-elbufer.de\/index.php?rest_route=%2Fwp%2Fv2%2Fmedia&parent=367"}],"curies":[{"name":"wp","href":"https:\/\/api.w.org\/{rel}","templated":true}]}}