{"id":225,"date":"2016-02-09T14:54:10","date_gmt":"2016-02-09T12:54:10","guid":{"rendered":"http:\/\/www.hohes-elbufer.de\/?page_id=225"},"modified":"2026-04-02T17:30:35","modified_gmt":"2026-04-02T15:30:35","slug":"225-2","status":"publish","type":"page","link":"https:\/\/www.hohes-elbufer.de\/?page_id=225","title":{"rendered":"Durch den Wald zwischen Schnakenbek und Tesperhude"},"content":{"rendered":"\n<p class=\"has-medium-font-size\"><em>Im Folgenden werden Vorschl\u00e4ge f\u00fcr Radtouren im Naturschutzgebiet und der n\u00e4heren Umgebung unterbreitet. Die richtigen Wege sind nicht immer leicht zu finden. Es empfiehlt sich deshalb die Benutzung einer Navigationssoftware im Zusammenspiel mit den hier gezeigten Wegstrecken. Ein Klick auf auf das jeweilige Bild \u00f6ffnet eine seitenf\u00fcllende PDF-Datei im DIN A4-Format.<\/em> <em>Das gezeigte Wegenetz stimmt mit dem auf Google Maps \u00fcberein.<\/em><\/p>\n\n\n<div class=\"wp-block-image\">\n<figure class=\"aligncenter size-full\"><a href=\"http:\/\/www.hohes-elbufer.de\/wp-content\/uploads\/2025\/07\/0-Forsthaus.pdf\" target=\"_blank\" rel=\" noreferrer noopener\"><img loading=\"lazy\" decoding=\"async\" width=\"1200\" height=\"905\" src=\"http:\/\/www.hohes-elbufer.de\/wp-content\/uploads\/2025\/07\/Forsthaus.jpg\" alt=\"\" class=\"wp-image-1245\" srcset=\"https:\/\/www.hohes-elbufer.de\/wp-content\/uploads\/2025\/07\/Forsthaus.jpg 1200w, https:\/\/www.hohes-elbufer.de\/wp-content\/uploads\/2025\/07\/Forsthaus-300x226.jpg 300w, https:\/\/www.hohes-elbufer.de\/wp-content\/uploads\/2025\/07\/Forsthaus-1024x772.jpg 1024w, https:\/\/www.hohes-elbufer.de\/wp-content\/uploads\/2025\/07\/Forsthaus-768x579.jpg 768w\" sizes=\"auto, (max-width: 1200px) 100vw, 1200px\" \/><\/a><figcaption class=\"wp-element-caption\"><em><em>Ein Klick auf das Bild \u00f6ffnet eine beliebig vergr\u00f6\u00dferbare PDF-Datei.<\/em><\/em><\/figcaption><\/figure>\n<\/div>\n\n\n<p class=\"has-medium-font-size\"><em>Die Tour beginnt und endet am Spielplatz in der Dorfstra\u00dfe in Schnakenbek (1). Der Einstieg f\u00fchrt von der Stra\u00dfe weg auf einem schmalen Weg direkt zum Wald. Vor dem Wald nach rechts der befestigten Stra\u00dfe folgen, am Friedhof vorbei und dann links zur alten Salzstra\u00dfe, die in s\u00fcdlicher Richtung zur Elbe f\u00fchrt. Kurz bevor es bergab geht, nach rechts abbiegen, am Sanddkrug Hof vorbei und nach etwa 100 m dem kleineren Weg nach links folgen.<\/em><\/p>\n\n\n\n<p class=\"has-medium-font-size\"><em>Die Strecke f\u00fchrt leicht bergauf und bergab durch den Wald auf befestigten, aber teils <em>rauhen <\/em>Wegen nach Westen in Richtung Tesperhude. Auf halber Strecke wird in einer engene Kurve mit kurzem steilen Aufstieg (11, 12) die Richtung gewechselt. Oben angekommen geht es in \u00f6stlicher Richtung zur\u00fcck am Forsthaus Gr\u00fcnhof vorbei Richtung Schnakenbek.<\/em><\/p>\n\n\n\n<p class=\"has-medium-font-size\"><em>Es empfiehlt sich ein Abstecher zur Ertheneburg, die neben den Wallanlagen einen Blick von erh\u00f6hter Warte \u00fcber die Elbe ins Nieders\u00e4chsiche erlaubt.<\/em><\/p>\n\n\n\n<p class=\"has-medium-font-size\"><em>Eine Alternative zieht den Wald jenseits der B5 mit ein und f\u00fchrt dicht am bronzezeitlichen Totenhaus vorbei, das etwas abseits des Weges gelegen ist. Schilder weisen darauf hin. <\/em><\/p>\n\n\n<div class=\"wp-block-image\">\n<figure class=\"aligncenter size-full\"><a href=\"http:\/\/www.hohes-elbufer.de\/wp-content\/uploads\/2025\/07\/1-Totenhaus.pdf\" target=\"_blank\" rel=\" noreferrer noopener\"><img loading=\"lazy\" decoding=\"async\" width=\"1200\" height=\"907\" src=\"http:\/\/www.hohes-elbufer.de\/wp-content\/uploads\/2025\/07\/Totenhaus.jpg\" alt=\"\" class=\"wp-image-1250\" srcset=\"https:\/\/www.hohes-elbufer.de\/wp-content\/uploads\/2025\/07\/Totenhaus.jpg 1200w, https:\/\/www.hohes-elbufer.de\/wp-content\/uploads\/2025\/07\/Totenhaus-300x227.jpg 300w, https:\/\/www.hohes-elbufer.de\/wp-content\/uploads\/2025\/07\/Totenhaus-1024x774.jpg 1024w, https:\/\/www.hohes-elbufer.de\/wp-content\/uploads\/2025\/07\/Totenhaus-768x580.jpg 768w\" sizes=\"auto, (max-width: 1200px) 100vw, 1200px\" \/><\/a><figcaption class=\"wp-element-caption\"><em>Ein Klick auf das Bild \u00f6ffnet eine beliebig vergr\u00f6\u00dferbare PDF-Datei.<\/em><\/figcaption><\/figure>\n<\/div>\n\n\n<p class=\"has-medium-font-size\"><em>Der Einstieg ist wie oben beschrieben. Beim \u00dcberqueren der stark befahrenen B5 ist Vorsicht geboten<\/em>.<\/p>\n\n\n\n<p class=\"has-medium-font-size\"><em>F\u00fcr Radtouren bieten sich auch viele verkehrsarmen Wege durch die Feldmark an. Dort findet sich eine \u00fcber Jahrhunderte gewachsenen Kulturlandschaft mit die Wege s\u00e4umenden Wallhecken, den sogenannten &#8222;Knicks&#8220;. Sie geh\u00f6ren in Schleswig-Holstein und Hamburg zu den artenreichsten Biotoptypen. Sie bieten vielen Tieren (<em>Insekten, V\u00f6geln und Kleins\u00e4uger<\/em>n) sowie Pflanzen wertvollen Lebensraum.<\/em><\/p>\n\n\n<div class=\"wp-block-image\">\n<figure class=\"aligncenter size-large\"><a href=\"http:\/\/www.hohes-elbufer.de\/wp-content\/uploads\/2025\/07\/2-Guelzow.pdf\" target=\"_blank\" rel=\" noreferrer noopener\"><img loading=\"lazy\" decoding=\"async\" width=\"1024\" height=\"689\" src=\"http:\/\/www.hohes-elbufer.de\/wp-content\/uploads\/2025\/07\/Guelzow-1024x689.jpg\" alt=\"\" class=\"wp-image-1268\" srcset=\"https:\/\/www.hohes-elbufer.de\/wp-content\/uploads\/2025\/07\/Guelzow-1024x689.jpg 1024w, https:\/\/www.hohes-elbufer.de\/wp-content\/uploads\/2025\/07\/Guelzow-300x202.jpg 300w, https:\/\/www.hohes-elbufer.de\/wp-content\/uploads\/2025\/07\/Guelzow-768x516.jpg 768w, https:\/\/www.hohes-elbufer.de\/wp-content\/uploads\/2025\/07\/Guelzow.jpg 1200w\" sizes=\"auto, (max-width: 1024px) 100vw, 1024px\" \/><\/a><figcaption class=\"wp-element-caption\"><em>Ein Klick auf das Bild \u00f6ffnet eine beliebig vergr\u00f6\u00dferbare PDF-Datei.<\/em><\/figcaption><\/figure>\n<\/div>\n\n<div class=\"wp-block-image\">\n<figure class=\"alignright size-full is-resized\"><a href=\"https:\/\/www.hohes-elbufer.de\/wp-content\/uploads\/2025\/07\/Redder.jpg\"><img loading=\"lazy\" decoding=\"async\" width=\"744\" height=\"433\" src=\"https:\/\/www.hohes-elbufer.de\/wp-content\/uploads\/2025\/07\/Redder.jpg\" alt=\"\" class=\"wp-image-1207\" style=\"width:247px;height:auto\" srcset=\"https:\/\/www.hohes-elbufer.de\/wp-content\/uploads\/2025\/07\/Redder.jpg 744w, https:\/\/www.hohes-elbufer.de\/wp-content\/uploads\/2025\/07\/Redder-300x175.jpg 300w\" sizes=\"auto, (max-width: 744px) 100vw, 744px\" \/><\/a><\/figure>\n<\/div>\n\n\n<p class=\"has-medium-font-size\"><em>Sch\u00f6n zu befahren sind die beidseitig von Knicks begrenzten Wege zwischen Schnakenbek und G\u00fclzow.  In diesen sogenannten &#8222;Reddern&#8220; kann z. B. die Brutvogeldichte auf das Sechsfache eines einfachen Knicks ansteigen. Das macht sie \u00f6kologisch besonders wertvoll.<\/em><\/p>\n\n\n\n<p class=\"has-medium-font-size\"><em>Und wer Lauenburgs Altstadt als Start und Zielpunkt in Erw\u00e4gung zieht, dem sei eine Tour empfohlen, die den Ruferplatz zum Ausgangspunkt hat und den <strong><a href=\"https:\/\/www.hohes-elbufer.de\/?page_id=570\" target=\"_blank\" rel=\"noreferrer noopener\"><mark style=\"background-color:rgba(0, 0, 0, 0)\" class=\"has-inline-color has-vivid-cyan-blue-color\">Elbe-L\u00fcbeck-Kanal<\/mark><\/a><\/strong> mit einbezieht.<\/em><\/p>\n\n\n\n<figure class=\"wp-block-image size-large\"><a href=\"http:\/\/www.hohes-elbufer.de\/wp-content\/uploads\/2025\/07\/3-Dalldorf.pdf\" target=\"_blank\" rel=\" noreferrer noopener\"><img loading=\"lazy\" decoding=\"async\" width=\"1024\" height=\"689\" src=\"http:\/\/www.hohes-elbufer.de\/wp-content\/uploads\/2025\/07\/Dalldorf-1024x689.jpg\" alt=\"\" class=\"wp-image-1276\" srcset=\"https:\/\/www.hohes-elbufer.de\/wp-content\/uploads\/2025\/07\/Dalldorf-1024x689.jpg 1024w, https:\/\/www.hohes-elbufer.de\/wp-content\/uploads\/2025\/07\/Dalldorf-300x202.jpg 300w, https:\/\/www.hohes-elbufer.de\/wp-content\/uploads\/2025\/07\/Dalldorf-768x516.jpg 768w, https:\/\/www.hohes-elbufer.de\/wp-content\/uploads\/2025\/07\/Dalldorf.jpg 1200w\" sizes=\"auto, (max-width: 1024px) 100vw, 1024px\" \/><\/a><\/figure>\n\n\n\n<p class=\"has-medium-font-size\"><em>Der angrenzende <a href=\"https:\/\/www.camping-lanzer-see.de\/\" target=\"_blank\" rel=\"noreferrer noopener\"><mark style=\"background-color:rgba(0, 0, 0, 0)\" class=\"has-inline-color has-vivid-cyan-blue-color\"><strong>Campingplatz <\/strong><\/mark><\/a>abseits vom Gro\u00dfstadtl\u00e4rm ist bei Naturfreunden sehr beliebt. <\/em><\/p>\n\n\n\n<p class=\"has-text-align-center has-medium-font-size\"><em><strong><a href=\"https:\/\/www.hohes-elbufer.de\/?page_id=225\" target=\"_blank\" rel=\"noreferrer noopener\"><mark style=\"background-color:rgba(0, 0, 0, 0)\" class=\"has-inline-color has-vivid-cyan-blue-color\">Nach oben<\/mark><\/a><\/strong><\/em><\/p>\n","protected":false},"excerpt":{"rendered":"<p>Im Folgenden werden Vorschl\u00e4ge f\u00fcr Radtouren im Naturschutzgebiet und der n\u00e4heren Umgebung unterbreitet. Die richtigen Wege sind nicht immer leicht zu finden. Es empfiehlt sich&hellip;<\/p>\n","protected":false},"author":1,"featured_media":0,"parent":0,"menu_order":0,"comment_status":"closed","ping_status":"closed","template":"","meta":{"footnotes":""},"class_list":["post-225","page","type-page","status-publish","hentry"],"_links":{"self":[{"href":"https:\/\/www.hohes-elbufer.de\/index.php?rest_route=\/wp\/v2\/pages\/225","targetHints":{"allow":["GET"]}}],"collection":[{"href":"https:\/\/www.hohes-elbufer.de\/index.php?rest_route=\/wp\/v2\/pages"}],"about":[{"href":"https:\/\/www.hohes-elbufer.de\/index.php?rest_route=\/wp\/v2\/types\/page"}],"author":[{"embeddable":true,"href":"https:\/\/www.hohes-elbufer.de\/index.php?rest_route=\/wp\/v2\/users\/1"}],"replies":[{"embeddable":true,"href":"https:\/\/www.hohes-elbufer.de\/index.php?rest_route=%2Fwp%2Fv2%2Fcomments&post=225"}],"version-history":[{"count":61,"href":"https:\/\/www.hohes-elbufer.de\/index.php?rest_route=\/wp\/v2\/pages\/225\/revisions"}],"predecessor-version":[{"id":1531,"href":"https:\/\/www.hohes-elbufer.de\/index.php?rest_route=\/wp\/v2\/pages\/225\/revisions\/1531"}],"wp:attachment":[{"href":"https:\/\/www.hohes-elbufer.de\/index.php?rest_route=%2Fwp%2Fv2%2Fmedia&parent=225"}],"curies":[{"name":"wp","href":"https:\/\/api.w.org\/{rel}","templated":true}]}}