{"id":221,"date":"2016-02-09T14:49:56","date_gmt":"2016-02-09T12:49:56","guid":{"rendered":"http:\/\/www.hohes-elbufer.de\/?page_id=221"},"modified":"2026-04-30T21:11:13","modified_gmt":"2026-04-30T19:11:13","slug":"221-2","status":"publish","type":"page","link":"https:\/\/www.hohes-elbufer.de\/?page_id=221","title":{"rendered":"An der Elbe zwischen Lauenburg und Geesthacht"},"content":{"rendered":"\n<figure class=\"wp-block-image alignwide size-full\"><a href=\"http:\/\/www.hohes-elbufer.de\/wp-content\/uploads\/2026\/04\/Kopfzeile-3.png\"><img loading=\"lazy\" decoding=\"async\" width=\"744\" height=\"32\" src=\"http:\/\/www.hohes-elbufer.de\/wp-content\/uploads\/2026\/04\/Kopfzeile-3.png\" alt=\"\" class=\"wp-image-1546\" srcset=\"https:\/\/www.hohes-elbufer.de\/wp-content\/uploads\/2026\/04\/Kopfzeile-3.png 744w, https:\/\/www.hohes-elbufer.de\/wp-content\/uploads\/2026\/04\/Kopfzeile-3-300x13.png 300w\" sizes=\"auto, (max-width: 744px) 100vw, 744px\" \/><\/a><\/figure>\n\n\n\n<div style=\"height:30px\" aria-hidden=\"true\" class=\"wp-block-spacer\"><\/div>\n\n\n<div class=\"wp-block-image\">\n<figure class=\"alignleft\"><a href=\"http:\/\/www.hohes-elbufer.de\/wp-content\/uploads\/2016\/02\/Tour-Lbg-Geest-zur.gif\" target=\"_blank\" rel=\" noreferrer noopener\"><img loading=\"lazy\" decoding=\"async\" width=\"300\" height=\"137\" src=\"http:\/\/www.hohes-elbufer.de\/wp-content\/uploads\/2016\/02\/Tour-Lbg-Geest-zur-300x137.gif\" alt=\"\" class=\"wp-image-330\" srcset=\"https:\/\/www.hohes-elbufer.de\/wp-content\/uploads\/2016\/02\/Tour-Lbg-Geest-zur-300x137.gif 300w, https:\/\/www.hohes-elbufer.de\/wp-content\/uploads\/2016\/02\/Tour-Lbg-Geest-zur-768x351.gif 768w, https:\/\/www.hohes-elbufer.de\/wp-content\/uploads\/2016\/02\/Tour-Lbg-Geest-zur-1024x468.gif 1024w\" sizes=\"auto, (max-width: 300px) 100vw, 300px\" \/><\/a><figcaption class=\"wp-element-caption\">Zum Vergr\u00f6\u00dfern anklicken<\/figcaption><\/figure>\n<\/div>\n\n\n<p class=\"has-medium-font-size\">Die Tour beginnt und endet am &#8222;<span style=\"color: #0000ff;\"><a href=\"https:\/\/www.facebook.com\/61582736317192\/about\/\" target=\"_blank\" rel=\"noreferrer noopener\"><strong><mark style=\"background-color:rgba(0, 0, 0, 0)\" class=\"has-inline-color has-vivid-cyan-blue-color\">Restaurant Hermes<\/mark><\/strong><\/a><\/span>&#8220; (1) an der Bundesstra\u00dfe 5 zwischen Schnakenbek und Lauenburg. Bei starkem Westwind sollte die Tour entgegengesetzt zur vorgeschlagenen&nbsp;Richtung durchgef\u00fchrt werden, weil man dann im ersten und letzten Teil mehr Deckung hat und in der Elbniederung der Wind von hinten kommt.<\/p>\n\n\n\n<p class=\"has-medium-font-size\">Die Elbbr\u00fccke bei Lauenburg (2) hat einen separaten Rad- und Fu\u00dfweg. Man kann also gut anhalten und den&nbsp;Blick \u00fcber den Strom&nbsp;auf die alte Fischerstadt genie\u00dfen.<\/p>\n\n\n\n<figure class=\"wp-block-image alignwide is-resized\"><a href=\"http:\/\/www.hohes-elbufer.de\/wp-content\/uploads\/2016\/02\/Lauenburg_Panorama_2011.jpg\" target=\"_blank\" rel=\" noreferrer noopener\"><img loading=\"lazy\" decoding=\"async\" width=\"1024\" height=\"165\" src=\"http:\/\/www.hohes-elbufer.de\/wp-content\/uploads\/2016\/02\/Lauenburg_Panorama_2011-1024x165.jpg\" alt=\"\" class=\"wp-image-332\" srcset=\"https:\/\/www.hohes-elbufer.de\/wp-content\/uploads\/2016\/02\/Lauenburg_Panorama_2011-1024x165.jpg 1024w, https:\/\/www.hohes-elbufer.de\/wp-content\/uploads\/2016\/02\/Lauenburg_Panorama_2011-300x48.jpg 300w, https:\/\/www.hohes-elbufer.de\/wp-content\/uploads\/2016\/02\/Lauenburg_Panorama_2011-768x124.jpg 768w\" sizes=\"auto, (max-width: 1024px) 100vw, 1024px\" \/><\/a><figcaption class=\"wp-element-caption\">Panorama aus Wikipedia<\/figcaption><\/figure>\n\n\n\n<div style=\"height:30px\" aria-hidden=\"true\" class=\"wp-block-spacer\"><\/div>\n\n\n\n<p class=\"has-medium-font-size\">Am Ende der Br\u00fccke f\u00fchrt eine Treppe nach unten zur Elbe. Fahrr\u00e4der k\u00f6nnen in einer Laufrinne mitgef\u00fchrt werden.<\/p>\n\n\n\n<p class=\"has-medium-font-size\">Der weitere Verlauf ist durch die enge Anbindung an den Strom weitgehend vorgezeichnet. Zum \u00dcberqueren des Elbe-Seitenkanals (3) m\u00fcssen Sie den Fahrradweg an der Bundesstra\u00dfe 209 benutzen. Verpassen Sie nicht den schmalen&nbsp;und recht steilen Abstieg unmittelbar dahinter. Wenn Sie wieder an der Elbe sind,&nbsp;kann man sich kaum verfahren. Gastst\u00e4tten und&nbsp;B\u00e4nke mit Blick \u00fcber den Strom laden zum Rasten ein.<\/p>\n\n\n\n<p class=\"has-medium-font-size\">Auch die&nbsp;Elbbr\u00fccke bei Geesthacht (4)&nbsp;kann man nicht verfehlen. Der Radweg f\u00fchrt an der Flanke des Damms hinauf, quert das Wehr&nbsp;(die Staustufe) mit den Fischtreppen f\u00fcr kleinere Fische, dann die Elbinsel mit der Fischtreppe f\u00fcr gr\u00f6\u00dfere Fische und schlie\u00dflich den Kanal mit den Schleusen. Danach f\u00fchrt der Radweg nach unten zur Stra\u00dfe&nbsp;&#8222;Am Schleusenkanal&#8220; und von&nbsp; dort Richtung Innenstadt.&nbsp;Benutzen Sie&nbsp;die Radwege auf der rechten Stra\u00dfenseite. Nach etwa einem Kilometer sehen Sie eine Fu\u00dfg\u00e4ngerbr\u00fccke, die zum &#8222;Roten Platz&#8220; f\u00fchrt. Wenn Sie m\u00f6gen, k\u00f6nnen Sie ihn \u00fcberqueren und direkt an der Elbe bis zum Schwimmbad fahren. Dort vereint sich der Radweg wieder mit der Stra\u00dfe. Nach einigen hundert Metern&nbsp;kommen Sie an der&nbsp;Talstation des Pumpspeicherkraftwerks (5) und dem stillgelegten &#8222;Kernkraftwerk Kr\u00fcmmel&#8220; vorbei. Der Radweg zweigt&nbsp;immer wieder&nbsp;von der Stra\u00dfe ab und folgt dem Elbufer.<\/p>\n\n\n\n<p class=\"has-medium-font-size\">Im n\u00e4chsten Ort (6) bleiben Sie an der Elbe, fahren Richtung&nbsp;<span style=\"color: #0000ff;\"><a href=\"http:\/\/campen-ohne-deich.de\" target=\"_blank\" rel=\"noreferrer noopener\"><mark style=\"background-color:rgba(0, 0, 0, 0)\" class=\"has-inline-color has-vivid-cyan-blue-color\"><strong>Campingplatz&nbsp;<\/strong><\/mark><\/a><\/span>und folgen dem Wanderweg am Elbe-Steilhang. Hier wird das Radfahren etwas beschwerlich, sodass sich manchmal das Absteigen empfiehlt. Wenn Sie an dem Campingplatz vorbei sind, d\u00fcrfen Sie den kurzen Anstieg auf einen h\u00f6her gelegenen Weg (ca. 50 m) nicht verpassen , der besser befahrbar ist. Achten Sie auf Abzweigungen. An der gesuchten Gabel&nbsp;f\u00fchrt ein leicht absch\u00fcssiger Weg zum Fu\u00df des Elbhangs. Dieser bringt sie sicher zur Gastst\u00e4tte &#8222;<span style=\"color: #0000ff;\"><a href=\"http:\/\/www.alter-sandkrug.de\/\" target=\"_blank\" rel=\"noreferrer noopener\"><strong><mark style=\"background-color:rgba(0, 0, 0, 0)\" class=\"has-inline-color has-vivid-cyan-blue-color\">Alter&nbsp;Sandkrug<\/mark><\/strong><\/a><\/span>&#8220; bei Schnakenbek.<\/p>\n\n\n\n<p class=\"has-medium-font-size\">Vor dem Gasthaus&nbsp;f\u00fchrt die &#8222;<span style=\"color: #0000ff;\"><a href=\"http:\/\/www.radreise-wiki.de\/Alte_Salzstra%C3%9Fe\" target=\"_blank\" rel=\"noreferrer noopener\"><strong><mark style=\"background-color:rgba(0, 0, 0, 0)\" class=\"has-inline-color has-vivid-cyan-blue-color\">Alte Salzstra\u00dfe<\/mark><\/strong><\/a><\/span>&#8220; hinauf zum Geestr\u00fccken. Empfohlen sei hier aber der Weg geradeaus auf ein einzelnes Geb\u00e4ude zu und dann links den schmalen Hohlweg hinauf. Oben angekommen wenden Sie sich nach rechts und sto\u00dfen nach kurzer Wegstrecke auf ein Hinweisschild zur <span style=\"color: #0000ff;\"><a href=\"http:\/\/de.wikipedia.org\/wiki\/Ertheneburg\" target=\"_blank\" rel=\"noreferrer noopener\">Ertheneburg<\/a><\/span>. Sie m\u00fcssen nach links, aber ein Abstecher nach rechts lohnt sich.<\/p>\n\n\n\n<p class=\"has-medium-font-size\">Folgen Sie der Beschilderung nach Lauenburg, bis Sie auf die Stra\u00dfe&nbsp;&#8222;Gl\u00fcsinger Grund&#8220; kommen. Sie f\u00fchrt bergauf Richtung Bundesstra\u00dfe 5. An der Einm\u00fcndung links liegt die Gastst\u00e4tte &#8222;Restaurant Hermes&#8220;, Ausgangspunkt der Tour.<\/p>\n\n\n\n<div style=\"height:30px\" aria-hidden=\"true\" class=\"wp-block-spacer\"><\/div>\n\n\n\n<p class=\"has-text-align-center has-medium-font-size\"><a href=\"https:\/\/www.hohes-elbufer.de\/?page_id=221\"><mark style=\"background-color:rgba(0, 0, 0, 0)\" class=\"has-inline-color has-vivid-cyan-blue-color\">Nach oben<\/mark><\/a><\/p>\n","protected":false},"excerpt":{"rendered":"<p>Die Tour beginnt und endet am &#8222;Restaurant Hermes&#8220; (1) an der Bundesstra\u00dfe 5 zwischen Schnakenbek und Lauenburg. Bei starkem Westwind sollte die Tour entgegengesetzt zur&hellip;<\/p>\n","protected":false},"author":1,"featured_media":0,"parent":0,"menu_order":2,"comment_status":"closed","ping_status":"closed","template":"","meta":{"footnotes":""},"class_list":["post-221","page","type-page","status-publish","hentry"],"_links":{"self":[{"href":"https:\/\/www.hohes-elbufer.de\/index.php?rest_route=\/wp\/v2\/pages\/221","targetHints":{"allow":["GET"]}}],"collection":[{"href":"https:\/\/www.hohes-elbufer.de\/index.php?rest_route=\/wp\/v2\/pages"}],"about":[{"href":"https:\/\/www.hohes-elbufer.de\/index.php?rest_route=\/wp\/v2\/types\/page"}],"author":[{"embeddable":true,"href":"https:\/\/www.hohes-elbufer.de\/index.php?rest_route=\/wp\/v2\/users\/1"}],"replies":[{"embeddable":true,"href":"https:\/\/www.hohes-elbufer.de\/index.php?rest_route=%2Fwp%2Fv2%2Fcomments&post=221"}],"version-history":[{"count":16,"href":"https:\/\/www.hohes-elbufer.de\/index.php?rest_route=\/wp\/v2\/pages\/221\/revisions"}],"predecessor-version":[{"id":1606,"href":"https:\/\/www.hohes-elbufer.de\/index.php?rest_route=\/wp\/v2\/pages\/221\/revisions\/1606"}],"wp:attachment":[{"href":"https:\/\/www.hohes-elbufer.de\/index.php?rest_route=%2Fwp%2Fv2%2Fmedia&parent=221"}],"curies":[{"name":"wp","href":"https:\/\/api.w.org\/{rel}","templated":true}]}}