{"id":217,"date":"2016-02-09T14:43:37","date_gmt":"2016-02-09T12:43:37","guid":{"rendered":"http:\/\/www.hohes-elbufer.de\/?page_id=217"},"modified":"2026-04-30T20:58:51","modified_gmt":"2026-04-30T18:58:51","slug":"wanderung","status":"publish","type":"page","link":"https:\/\/www.hohes-elbufer.de\/?page_id=217","title":{"rendered":"Wandern am bewaldeten Steilufer der Elbe"},"content":{"rendered":"\n<figure class=\"wp-block-image alignwide size-full\"><a href=\"http:\/\/www.hohes-elbufer.de\/wp-content\/uploads\/2026\/04\/Kopfzeile-3.png\"><img loading=\"lazy\" decoding=\"async\" width=\"744\" height=\"32\" src=\"http:\/\/www.hohes-elbufer.de\/wp-content\/uploads\/2026\/04\/Kopfzeile-3.png\" alt=\"\" class=\"wp-image-1546\" srcset=\"https:\/\/www.hohes-elbufer.de\/wp-content\/uploads\/2026\/04\/Kopfzeile-3.png 744w, https:\/\/www.hohes-elbufer.de\/wp-content\/uploads\/2026\/04\/Kopfzeile-3-300x13.png 300w\" sizes=\"auto, (max-width: 744px) 100vw, 744px\" \/><\/a><\/figure>\n\n\n\n<div style=\"height:30px\" aria-hidden=\"true\" class=\"wp-block-spacer\"><\/div>\n\n\n<div class=\"wp-block-image\">\n<figure class=\"alignleft\"><a href=\"http:\/\/www.hohes-elbufer.de\/wp-content\/uploads\/2016\/02\/Forsth-klgr-Runde-1.gif\" target=\"_blank\" rel=\" noreferrer noopener\"><img loading=\"lazy\" decoding=\"async\" width=\"300\" height=\"169\" src=\"http:\/\/www.hohes-elbufer.de\/wp-content\/uploads\/2016\/02\/Forsth-klgr-Runde-1-300x169.gif\" alt=\"\" class=\"wp-image-296\" srcset=\"https:\/\/www.hohes-elbufer.de\/wp-content\/uploads\/2016\/02\/Forsth-klgr-Runde-1-300x169.gif 300w, https:\/\/www.hohes-elbufer.de\/wp-content\/uploads\/2016\/02\/Forsth-klgr-Runde-1-768x433.gif 768w, https:\/\/www.hohes-elbufer.de\/wp-content\/uploads\/2016\/02\/Forsth-klgr-Runde-1-1024x578.gif 1024w\" sizes=\"auto, (max-width: 300px) 100vw, 300px\" \/><\/a><figcaption class=\"wp-element-caption\">Erster Teil des Weges<\/figcaption><\/figure>\n<\/div>\n\n\n<p class=\"has-medium-font-size\">Die Wanderung wird Sie durch waldreiches Gel\u00e4nde f\u00fchren und soll am &#8222;<span style=\"color: #0000ff;\"><a href=\"https:\/\/www.forsthausgluesing.de\" target=\"_blank\" rel=\"noreferrer noopener\"><strong><mark style=\"background-color:rgba(0, 0, 0, 0)\" class=\"has-inline-color has-vivid-cyan-blue-color\">Restaurant Hermes<\/mark><\/strong><\/a><\/span>&#8220; an der B5 zwischen Schnakenbek und Lauenburg beginnen. Ein zweites Gasthaus &#8222;<span style=\"color: #0000ff;\"><a href=\"http:\/\/www.alter-sandkrug.de\/\" target=\"_blank\" rel=\"noreferrer noopener\">Zum Sandkrug<\/a><\/span>&#8220; liegt am Wege. Die abgebildeten Karten passen zusammen. Orientierung gibt &#8211; neben den Gastst\u00e4tten &#8211; die &#8222;Alte Salzstra\u00dfe&#8220;, die Sie bei der vorgeschlagenen Wanderung zweimal queren m\u00fcssen. Sie unterscheidet sich von den Waldwegen, weil sie im oberen Teil geteert und in dem Gef\u00e4lle zur Elbe hin gepflastert ist.<\/p>\n\n\n<div class=\"wp-block-image\">\n<figure class=\"alignright\"><a href=\"http:\/\/www.hohes-elbufer.de\/wp-content\/uploads\/2013\/03\/PICT0087.jpg\" target=\"_blank\" rel=\" noreferrer noopener\"><img loading=\"lazy\" decoding=\"async\" width=\"150\" height=\"150\" src=\"http:\/\/www.hohes-elbufer.de\/wp-content\/uploads\/2013\/03\/PICT0087-150x150.jpg\" alt=\"\" class=\"wp-image-282\"\/><\/a><figcaption class=\"wp-element-caption\">Blick vom Weg auf die Elbe<\/figcaption><\/figure>\n<\/div>\n\n\n<p class=\"has-medium-font-size\">Die empfohlenen Spazierwege sind in den Pl\u00e4nen rot hervorgehoben. Wenn Sie sich rechts halten, also nicht den k\u00fcrzesten Weg &#8222;Zum Sandkrug&#8220; w\u00e4hlen, bleiben Sie auf dem h\u00f6heren Teil des Elbufers. Sie bewegen sich dann stromabw\u00e4rts Richtung Geesthacht.<\/p>\n\n\n\n<p class=\"has-medium-font-size\">Der Blick auf die Elbe wird sich Ihnen erst nach einiger Zeit \u00f6ffnen.<\/p>\n\n\n<div class=\"wp-block-image\">\n<figure class=\"alignleft\"><a href=\"http:\/\/www.hohes-elbufer.de\/wp-content\/uploads\/2016\/02\/Forsth-klgr-Runde-2.gif\" target=\"_blank\" rel=\" noreferrer noopener\"><img loading=\"lazy\" decoding=\"async\" width=\"300\" height=\"182\" src=\"http:\/\/www.hohes-elbufer.de\/wp-content\/uploads\/2016\/02\/Forsth-klgr-Runde-2-300x182.gif\" alt=\"\" class=\"wp-image-298\" srcset=\"https:\/\/www.hohes-elbufer.de\/wp-content\/uploads\/2016\/02\/Forsth-klgr-Runde-2-300x182.gif 300w, https:\/\/www.hohes-elbufer.de\/wp-content\/uploads\/2016\/02\/Forsth-klgr-Runde-2-768x465.gif 768w, https:\/\/www.hohes-elbufer.de\/wp-content\/uploads\/2016\/02\/Forsth-klgr-Runde-2-1024x620.gif 1024w\" sizes=\"auto, (max-width: 300px) 100vw, 300px\" \/><\/a><figcaption class=\"wp-element-caption\">Zweiter Teil des Weges<\/figcaption><\/figure>\n<\/div>\n\n\n<p class=\"has-medium-font-size\">Zieht es Sie fr\u00fcher zum Strom oder wollen Sie den Weg abk\u00fcrzen, w\u00e4hlen Sie einfach einen Weg nach links den Elbhang hinunter und dann weiter&nbsp;stromaufw\u00e4rts zur\u00fcck Richtung Lauenburg. Der Strom gibt Ihnen die n\u00f6tige Orientierung.<\/p>\n\n\n\n<p class=\"has-medium-font-size\">Die Gastst\u00e4tte &#8222;<a href=\"https:\/\/www.alter-sandkrug.de\/5\/home\" target=\"_blank\" rel=\"noreferrer noopener\"><mark style=\"background-color:rgba(0, 0, 0, 0)\" class=\"has-inline-color has-vivid-cyan-blue-color\"><strong>Zum Sandkrug<\/strong><\/mark><\/a>&#8220; liegt dicht am Weg auf der linken Seite. Sie k\u00f6nnen sie nicht verfehlen.<\/p>\n\n\n\n<div style=\"height:30px\" aria-hidden=\"true\" class=\"wp-block-spacer\"><\/div>\n\n\n\n<p class=\"has-text-align-center has-medium-font-size\"><a href=\"https:\/\/www.hohes-elbufer.de\/?page_id=217\"><mark style=\"background-color:rgba(0, 0, 0, 0)\" class=\"has-inline-color has-vivid-cyan-blue-color\">Nach oben<\/mark><\/a><\/p>\n","protected":false},"excerpt":{"rendered":"<p>Die Wanderung wird Sie durch waldreiches Gel\u00e4nde f\u00fchren und soll am &#8222;Restaurant Hermes&#8220; an der B5 zwischen Schnakenbek und Lauenburg beginnen. Ein zweites Gasthaus &#8222;Zum&hellip;<\/p>\n","protected":false},"author":1,"featured_media":0,"parent":0,"menu_order":1,"comment_status":"closed","ping_status":"closed","template":"","meta":{"footnotes":""},"class_list":["post-217","page","type-page","status-publish","hentry"],"_links":{"self":[{"href":"https:\/\/www.hohes-elbufer.de\/index.php?rest_route=\/wp\/v2\/pages\/217","targetHints":{"allow":["GET"]}}],"collection":[{"href":"https:\/\/www.hohes-elbufer.de\/index.php?rest_route=\/wp\/v2\/pages"}],"about":[{"href":"https:\/\/www.hohes-elbufer.de\/index.php?rest_route=\/wp\/v2\/types\/page"}],"author":[{"embeddable":true,"href":"https:\/\/www.hohes-elbufer.de\/index.php?rest_route=\/wp\/v2\/users\/1"}],"replies":[{"embeddable":true,"href":"https:\/\/www.hohes-elbufer.de\/index.php?rest_route=%2Fwp%2Fv2%2Fcomments&post=217"}],"version-history":[{"count":30,"href":"https:\/\/www.hohes-elbufer.de\/index.php?rest_route=\/wp\/v2\/pages\/217\/revisions"}],"predecessor-version":[{"id":1597,"href":"https:\/\/www.hohes-elbufer.de\/index.php?rest_route=\/wp\/v2\/pages\/217\/revisions\/1597"}],"wp:attachment":[{"href":"https:\/\/www.hohes-elbufer.de\/index.php?rest_route=%2Fwp%2Fv2%2Fmedia&parent=217"}],"curies":[{"name":"wp","href":"https:\/\/api.w.org\/{rel}","templated":true}]}}