{"id":2,"date":"2013-03-02T18:35:01","date_gmt":"2013-03-02T16:35:01","guid":{"rendered":"http:\/\/www.hohes-elbufer.de\/?page_id=2"},"modified":"2026-05-01T09:53:07","modified_gmt":"2026-05-01T07:53:07","slug":"besonderheiten","status":"publish","type":"page","link":"https:\/\/www.hohes-elbufer.de\/","title":{"rendered":"Besonderheiten der Region"},"content":{"rendered":"\n<figure class=\"wp-block-image alignwide size-full\"><a href=\"https:\/\/www.hohes-elbufer.de\/wp-content\/uploads\/2026\/04\/Kopfzeile-3.png\"><img loading=\"lazy\" decoding=\"async\" width=\"744\" height=\"32\" src=\"https:\/\/www.hohes-elbufer.de\/wp-content\/uploads\/2026\/04\/Kopfzeile-3.png\" alt=\"\" class=\"wp-image-1546\" srcset=\"https:\/\/www.hohes-elbufer.de\/wp-content\/uploads\/2026\/04\/Kopfzeile-3.png 744w, https:\/\/www.hohes-elbufer.de\/wp-content\/uploads\/2026\/04\/Kopfzeile-3-300x13.png 300w\" sizes=\"auto, (max-width: 744px) 100vw, 744px\" \/><\/a><\/figure>\n\n\n\n<div style=\"height:30px\" aria-hidden=\"true\" class=\"wp-block-spacer\"><\/div>\n\n\n\n<p class=\"has-medium-font-size\">Das Naturschutzgebiet \u201eHohes Elbufer\u201c wird im <a href=\"https:\/\/www.schleswig-holstein.de\/DE\/fachinhalte\/S\/schutzgebiete\/Downloads\/NSG_2010.pdf?__blob=publicationFile&amp;v=2\" target=\"_blank\" rel=\"noreferrer noopener\"><mark style=\"background-color:rgba(0, 0, 0, 0)\" class=\"has-inline-color has-vivid-cyan-blue-color\"><strong>Schutzgebietskataster <\/strong><\/mark><\/a>Schleswig-Holsteins unter &#8222;53 Kreis Herzogtum Lauenburg&#8220; mit der Nummer 142 gef\u00fchrt. Es liegt an der Elbe zwischen den St\u00e4dten Tesperhude und Lauenburg und\u00a0ist 466,3 Hektar gro\u00df. In der nachfolgenden Abbildung ist das gemeinte Gebiet dunkelgr\u00fcn, da es \u00fcberwiegend bewaldet ist.<\/p>\n\n\n<div class=\"wp-block-image\">\n<figure class=\"aligncenter size-full\"><a href=\"http:\/\/www.hohes-elbufer.de\/wp-content\/uploads\/2026\/03\/Gebietskarte.png\" target=\"_blank\" rel=\" noreferrer noopener\"><img loading=\"lazy\" decoding=\"async\" width=\"1754\" height=\"1240\" src=\"http:\/\/www.hohes-elbufer.de\/wp-content\/uploads\/2026\/03\/Gebietskarte.png\" alt=\"\" class=\"wp-image-1389\" srcset=\"https:\/\/www.hohes-elbufer.de\/wp-content\/uploads\/2026\/03\/Gebietskarte.png 1754w, https:\/\/www.hohes-elbufer.de\/wp-content\/uploads\/2026\/03\/Gebietskarte-300x212.png 300w, https:\/\/www.hohes-elbufer.de\/wp-content\/uploads\/2026\/03\/Gebietskarte-1024x724.png 1024w, https:\/\/www.hohes-elbufer.de\/wp-content\/uploads\/2026\/03\/Gebietskarte-768x543.png 768w, https:\/\/www.hohes-elbufer.de\/wp-content\/uploads\/2026\/03\/Gebietskarte-1536x1086.png 1536w\" sizes=\"auto, (max-width: 1754px) 100vw, 1754px\" \/><\/a><\/figure>\n<\/div>\n\n<div class=\"wp-block-image\">\n<figure class=\"alignright size-full is-resized\"><a href=\"https:\/\/de-de.topographic-map.com\/map-4lbtp\/Schleswig-Holstein\/?center=53.40503%2C10.47993&amp;zoom=12&amp;popup=53.45784%2C10.23685\" target=\"_blank\" rel=\" noreferrer noopener\"><img loading=\"lazy\" decoding=\"async\" width=\"567\" height=\"281\" src=\"http:\/\/www.hohes-elbufer.de\/wp-content\/uploads\/2025\/07\/Topografie.jpg\" alt=\"\" class=\"wp-image-1226\" style=\"aspect-ratio:2.0178071110876763;width:389px;height:auto\" srcset=\"https:\/\/www.hohes-elbufer.de\/wp-content\/uploads\/2025\/07\/Topografie.jpg 567w, https:\/\/www.hohes-elbufer.de\/wp-content\/uploads\/2025\/07\/Topografie-300x149.jpg 300w\" sizes=\"auto, (max-width: 567px) 100vw, 567px\" \/><\/a><\/figure>\n<\/div>\n\n\n<p class=\"has-medium-font-size\"><span style=\"color: #333333;\">Die Landschaft ist&nbsp;eiszeitlich gepr\u00e4gt. Durch die Vergletscherung im Laufe des Saale-Glazials vor 300.000 bis 130.000 Jahre vor unserer Zeitrechnung ist&nbsp;die&nbsp;<strong>Hohe Geest<\/strong> entstanden. Der von 20 bis zu 70 Meter hohe Sandr\u00fccken f\u00e4llt steil zur Elbe hin ab.<\/span><\/p>\n\n\n\n<p class=\"has-medium-font-size\"><span style=\"color: #333333;\">Die Niederung, <strong>Elbmarsch <\/strong>genannt, ist&nbsp;vermutlich zwischen dem k\u00e4ltesten Abschnitt der Weichseleiszeit vor etwa 22.000 bis 18.000 Jahren und dem Ende der Vergletscherung Norddeutschlands vor etwa 14.500 Jahren entstanden.&nbsp;Das Gebiet ist hochwassergef\u00e4hrdet und muss durch Deiche und gro\u00dfr\u00e4umige Entw\u00e4sserungssysteme vor \u00dcberflutungen gesch\u00fctzt werden.<\/span><\/p>\n\n\n<div class=\"wp-block-image\">\n<figure class=\"alignleft\"><a href=\"http:\/\/www.hohes-elbufer.de\/wp-content\/uploads\/2013\/03\/PICT0087.jpg\" target=\"_blank\" rel=\" noreferrer noopener\"><img loading=\"lazy\" decoding=\"async\" width=\"300\" height=\"225\" src=\"http:\/\/www.hohes-elbufer.de\/wp-content\/uploads\/2013\/03\/PICT0087-300x225.jpg\" alt=\"\" class=\"wp-image-282\" srcset=\"https:\/\/www.hohes-elbufer.de\/wp-content\/uploads\/2013\/03\/PICT0087-300x225.jpg 300w, https:\/\/www.hohes-elbufer.de\/wp-content\/uploads\/2013\/03\/PICT0087-768x576.jpg 768w, https:\/\/www.hohes-elbufer.de\/wp-content\/uploads\/2013\/03\/PICT0087-1024x768.jpg 1024w, https:\/\/www.hohes-elbufer.de\/wp-content\/uploads\/2013\/03\/PICT0087.jpg 1280w\" sizes=\"auto, (max-width: 300px) 100vw, 300px\" \/><\/a><figcaption class=\"wp-element-caption\"><em>Blick vom Geestr\u00fccken in die Elbmarsch<\/em><\/figcaption><\/figure>\n<\/div>\n\n\n<p class=\"has-medium-font-size\"><span style=\"color: #333333;\">Der Reiz dieser Landschaft erschlie\u00dft sich aus dem Zusammenspiel von Wasser und Land auf der einen und den H\u00f6henunterschieden auf der anderen Seite. Vom Geestr\u00fccken bieten sich dem Besucher an vielen Stellen beeindruckende Ausblicke auf Elbe und Marsch.<\/span><\/p>\n\n\n<div class=\"wp-block-image\">\n<figure class=\"alignright size-large is-resized\"><a href=\"http:\/\/www.hohes-elbufer.de\/wp-content\/uploads\/2013\/03\/cropped-Altwasser-1.jpg\" target=\"_blank\" rel=\" noreferrer noopener\"><img loading=\"lazy\" decoding=\"async\" width=\"1024\" height=\"617\" src=\"http:\/\/www.hohes-elbufer.de\/wp-content\/uploads\/2013\/03\/cropped-Altwasser-1-1024x617.jpg\" alt=\"\" class=\"wp-image-759\" style=\"width:357px;height:auto\" srcset=\"https:\/\/www.hohes-elbufer.de\/wp-content\/uploads\/2013\/03\/cropped-Altwasser-1-1024x617.jpg 1024w, https:\/\/www.hohes-elbufer.de\/wp-content\/uploads\/2013\/03\/cropped-Altwasser-1-300x181.jpg 300w, https:\/\/www.hohes-elbufer.de\/wp-content\/uploads\/2013\/03\/cropped-Altwasser-1-768x463.jpg 768w, https:\/\/www.hohes-elbufer.de\/wp-content\/uploads\/2013\/03\/cropped-Altwasser-1-1536x926.jpg 1536w, https:\/\/www.hohes-elbufer.de\/wp-content\/uploads\/2013\/03\/cropped-Altwasser-1.jpg 2000w\" sizes=\"auto, (max-width: 1024px) 100vw, 1024px\" \/><\/a><figcaption class=\"wp-element-caption\"><em>Altwasser am ufernahen Wanderweg zwischen Schnakenbek und Tesperhude<\/em><\/figcaption><\/figure>\n<\/div>\n\n\n<p class=\"has-medium-font-size\"><span style=\"color: #333333;\">Am Fu\u00df&nbsp;des Elbhangs kann man auf naturbelassenen Pfaden&nbsp;die abwechslungsreiche&nbsp;Ufervegetation mit&nbsp;vielf\u00e4ltigen Ausblicken auf den Strom und seine Altw\u00e4sser genie\u00dfen. Auf der nieders\u00e4chsischen Seite der Elbe pr\u00e4gen Deiche das Bild.<\/span><\/p>\n\n\n\n<p class=\"has-medium-font-size\"><span style=\"color: #333333;\"><span style=\"color: #333333;\">Die Vegetation ist durch die S\u00fcdexposition des Elbhangs in besonderer Weise gepr\u00e4gt. Der Kenner wird hier manche pflanzliche Rarit\u00e4t finden. Seit einiger Zeit ist der Biber zur\u00fcckgekehrt und hinterl\u00e4sst seine Spuren. Seit 1997 ist das Naturschutzgebiet &#8222;Hohes Elbufer&#8220; Bestandteil des von der UNESCO anerkannten Biosph\u00e4renreservats.<\/span><\/span><\/p>\n\n\n\n<p class=\"has-text-align-center has-medium-font-size\"><a href=\"http:\/\/hohes-elbufer.de\"><mark style=\"background-color:rgba(0, 0, 0, 0)\" class=\"has-inline-color has-vivid-cyan-blue-color\">Nach oben<\/mark><\/a><\/p>\n","protected":false},"excerpt":{"rendered":"<p>Das Naturschutzgebiet \u201eHohes Elbufer\u201c wird im Schutzgebietskataster Schleswig-Holsteins unter &#8222;53 Kreis Herzogtum Lauenburg&#8220; mit der Nummer 142 gef\u00fchrt. Es liegt an der Elbe zwischen den&hellip;<\/p>\n","protected":false},"author":1,"featured_media":0,"parent":0,"menu_order":0,"comment_status":"closed","ping_status":"closed","template":"","meta":{"footnotes":""},"class_list":["post-2","page","type-page","status-publish","hentry"],"_links":{"self":[{"href":"https:\/\/www.hohes-elbufer.de\/index.php?rest_route=\/wp\/v2\/pages\/2","targetHints":{"allow":["GET"]}}],"collection":[{"href":"https:\/\/www.hohes-elbufer.de\/index.php?rest_route=\/wp\/v2\/pages"}],"about":[{"href":"https:\/\/www.hohes-elbufer.de\/index.php?rest_route=\/wp\/v2\/types\/page"}],"author":[{"embeddable":true,"href":"https:\/\/www.hohes-elbufer.de\/index.php?rest_route=\/wp\/v2\/users\/1"}],"replies":[{"embeddable":true,"href":"https:\/\/www.hohes-elbufer.de\/index.php?rest_route=%2Fwp%2Fv2%2Fcomments&post=2"}],"version-history":[{"count":157,"href":"https:\/\/www.hohes-elbufer.de\/index.php?rest_route=\/wp\/v2\/pages\/2\/revisions"}],"predecessor-version":[{"id":1614,"href":"https:\/\/www.hohes-elbufer.de\/index.php?rest_route=\/wp\/v2\/pages\/2\/revisions\/1614"}],"wp:attachment":[{"href":"https:\/\/www.hohes-elbufer.de\/index.php?rest_route=%2Fwp%2Fv2%2Fmedia&parent=2"}],"curies":[{"name":"wp","href":"https:\/\/api.w.org\/{rel}","templated":true}]}}